{"id":12733,"date":"2026-01-10T09:52:53","date_gmt":"2026-01-10T09:52:53","guid":{"rendered":"https:\/\/gms-griesbach.de\/?page_id=12733"},"modified":"2026-01-10T11:20:52","modified_gmt":"2026-01-10T11:20:52","slug":"dsdz","status":"publish","type":"page","link":"https:\/\/gms-griesbach.de\/?page_id=12733","title":{"rendered":"dSdZ"},"content":{"rendered":"<div class=\"fusion-fullwidth fullwidth-box fusion-builder-row-1 fusion-flex-container has-pattern-background has-mask-background nonhundred-percent-fullwidth non-hundred-percent-height-scrolling\" style=\"--awb-border-radius-top-left:0px;--awb-border-radius-top-right:0px;--awb-border-radius-bottom-right:0px;--awb-border-radius-bottom-left:0px;\" ><div class=\"fusion-builder-row fusion-row fusion-flex-align-items-flex-start\" style=\"max-width:1144px;margin-left: calc(-4% \/ 2 );margin-right: calc(-4% \/ 2 );\"><div class=\"fusion-layout-column fusion_builder_column fusion-builder-column-0 fusion_builder_column_1_1 1_1 fusion-flex-column\" style=\"--awb-bg-size:cover;--awb-width-large:100%;--awb-spacing-right-large:1.92%;--awb-spacing-left-large:1.92%;--awb-width-medium:100%;--awb-order-medium:0;--awb-spacing-right-medium:1.92%;--awb-spacing-left-medium:1.92%;--awb-width-small:100%;--awb-order-small:0;--awb-spacing-right-small:1.92%;--awb-spacing-left-small:1.92%;\"><div class=\"fusion-column-wrapper fusion-column-has-shadow fusion-flex-justify-content-flex-start fusion-content-layout-column\"><div class=\"fusion-image-element \" style=\"text-align:center;\"><span class=\" fusion-imageframe imageframe-none imageframe-1 hover-type-none\"><img decoding=\"async\" width=\"800\" height=\"452\" title=\"dSdZ\" src=\"https:\/\/gms-griesbach.de\/wp-content\/uploads\/2026\/01\/dSdZ-800x452.png\" alt class=\"img-responsive wp-image-12731\" srcset=\"https:\/\/gms-griesbach.de\/wp-content\/uploads\/2026\/01\/dSdZ-200x113.png 200w, https:\/\/gms-griesbach.de\/wp-content\/uploads\/2026\/01\/dSdZ-400x226.png 400w, https:\/\/gms-griesbach.de\/wp-content\/uploads\/2026\/01\/dSdZ-600x339.png 600w, https:\/\/gms-griesbach.de\/wp-content\/uploads\/2026\/01\/dSdZ-800x452.png 800w, https:\/\/gms-griesbach.de\/wp-content\/uploads\/2026\/01\/dSdZ-1200x677.png 1200w, https:\/\/gms-griesbach.de\/wp-content\/uploads\/2026\/01\/dSdZ.png 1332w\" sizes=\"(max-width: 1024px) 100vw, (max-width: 640px) 100vw, 1200px\" \/><\/span><\/div><div class=\"fusion-text fusion-text-1\"><h1>F\u00f6rderantrag, Erkl\u00e4rvideo, h\u00e4ufig gestellte Fragen:<\/h1>\n<h1>\u00a0<a href=\"https:\/\/www.km.bayern.de\/digitale-schule-der-zukunft\/erziehungsberechtigte\/foerderantrag\">Bitte hier klicken!<\/a><\/h1>\n<\/div><\/div><\/div><\/div><\/div>\n","protected":false},"excerpt":{"rendered":"","protected":false},"author":1,"featured_media":0,"parent":0,"menu_order":0,"comment_status":"closed","ping_status":"closed","template":"","meta":{"footnotes":""},"class_list":["post-12733","page","type-page","status-publish","hentry"],"_links":{"self":[{"href":"https:\/\/gms-griesbach.de\/index.php?rest_route=\/wp\/v2\/pages\/12733","targetHints":{"allow":["GET"]}}],"collection":[{"href":"https:\/\/gms-griesbach.de\/index.php?rest_route=\/wp\/v2\/pages"}],"about":[{"href":"https:\/\/gms-griesbach.de\/index.php?rest_route=\/wp\/v2\/types\/page"}],"author":[{"embeddable":true,"href":"https:\/\/gms-griesbach.de\/index.php?rest_route=\/wp\/v2\/users\/1"}],"replies":[{"embeddable":true,"href":"https:\/\/gms-griesbach.de\/index.php?rest_route=%2Fwp%2Fv2%2Fcomments&post=12733"}],"version-history":[{"count":3,"href":"https:\/\/gms-griesbach.de\/index.php?rest_route=\/wp\/v2\/pages\/12733\/revisions"}],"predecessor-version":[{"id":12738,"href":"https:\/\/gms-griesbach.de\/index.php?rest_route=\/wp\/v2\/pages\/12733\/revisions\/12738"}],"wp:attachment":[{"href":"https:\/\/gms-griesbach.de\/index.php?rest_route=%2Fwp%2Fv2%2Fmedia&parent=12733"}],"curies":[{"name":"wp","href":"https:\/\/api.w.org\/{rel}","templated":true}]}}