{"id":1376,"date":"2018-08-14T14:20:56","date_gmt":"2018-08-14T14:20:56","guid":{"rendered":"http:\/\/gms-griesbach.de\/?page_id=1376"},"modified":"2023-11-19T16:54:11","modified_gmt":"2023-11-19T16:54:11","slug":"jugendsozialarbeit","status":"publish","type":"page","link":"https:\/\/gms-griesbach.de\/?page_id=1376","title":{"rendered":"Jugendsozialarbeit"},"content":{"rendered":"<p><div class=\"fusion-fullwidth fullwidth-box fusion-builder-row-1 fusion-flex-container has-pattern-background has-mask-background hundred-percent-fullwidth non-hundred-percent-height-scrolling\" style=\"--awb-border-radius-top-left:0px;--awb-border-radius-top-right:0px;--awb-border-radius-bottom-right:0px;--awb-border-radius-bottom-left:0px;--awb-margin-top:50px;\" ><div class=\"fusion-builder-row fusion-row fusion-flex-align-items-flex-start\" style=\"width:104% !important;max-width:104% !important;margin-left: calc(-4% \/ 2 );margin-right: calc(-4% \/ 2 );\"><div class=\"fusion-layout-column fusion_builder_column fusion-builder-column-0 fusion_builder_column_1_3 1_3 fusion-flex-column\" style=\"--awb-bg-size:cover;--awb-width-large:33.333333333333%;--awb-spacing-right-large:5.76%;--awb-spacing-left-large:5.76%;--awb-width-medium:100%;--awb-order-medium:0;--awb-spacing-right-medium:1.92%;--awb-spacing-left-medium:1.92%;--awb-width-small:100%;--awb-order-small:0;--awb-spacing-right-small:1.92%;--awb-spacing-left-small:1.92%;\"><div class=\"fusion-column-wrapper fusion-column-has-shadow fusion-flex-justify-content-flex-start fusion-content-layout-column\"><div class=\"fusion-image-element \" style=\"text-align:center;\"><span class=\" fusion-imageframe imageframe-none imageframe-1 hover-type-none\"><img decoding=\"async\" width=\"400\" height=\"230\" title=\"JaS\" src=\"https:\/\/gms-griesbach.de\/wp-content\/uploads\/2023\/11\/JaS-400x230.jpeg\" alt class=\"img-responsive wp-image-11150\" srcset=\"https:\/\/gms-griesbach.de\/wp-content\/uploads\/2023\/11\/JaS-200x115.jpeg 200w, https:\/\/gms-griesbach.de\/wp-content\/uploads\/2023\/11\/JaS-400x230.jpeg 400w, https:\/\/gms-griesbach.de\/wp-content\/uploads\/2023\/11\/JaS-600x346.jpeg 600w, https:\/\/gms-griesbach.de\/wp-content\/uploads\/2023\/11\/JaS.jpeg 689w\" sizes=\"(max-width: 1024px) 100vw, (max-width: 640px) 100vw, 400px\" \/><\/span><\/div><\/div><\/div><div class=\"fusion-layout-column fusion_builder_column fusion-builder-column-1 fusion_builder_column_1_3 1_3 fusion-flex-column\" style=\"--awb-bg-size:cover;--awb-width-large:33.333333333333%;--awb-spacing-right-large:5.76%;--awb-spacing-left-large:5.76%;--awb-width-medium:100%;--awb-order-medium:0;--awb-spacing-right-medium:1.92%;--awb-spacing-left-medium:1.92%;--awb-width-small:100%;--awb-order-small:0;--awb-spacing-right-small:1.92%;--awb-spacing-left-small:1.92%;\"><div class=\"fusion-column-wrapper fusion-column-has-shadow fusion-flex-justify-content-flex-start fusion-content-layout-column\"><div class=\"fusion-image-element \" style=\"text-align:center;\"><span class=\" fusion-imageframe imageframe-none imageframe-2 hover-type-none\"><img decoding=\"async\" width=\"400\" height=\"340\" title=\"Fo\u0308rderprogramm Freistaat Bayern\" src=\"https:\/\/gms-griesbach.de\/wp-content\/uploads\/2023\/11\/Bayern-neu-400x340.jpg\" alt class=\"img-responsive wp-image-11158\" srcset=\"https:\/\/gms-griesbach.de\/wp-content\/uploads\/2023\/11\/Bayern-neu-200x170.jpg 200w, https:\/\/gms-griesbach.de\/wp-content\/uploads\/2023\/11\/Bayern-neu-400x340.jpg 400w, https:\/\/gms-griesbach.de\/wp-content\/uploads\/2023\/11\/Bayern-neu-600x510.jpg 600w, https:\/\/gms-griesbach.de\/wp-content\/uploads\/2023\/11\/Bayern-neu.jpg 800w\" sizes=\"(max-width: 1024px) 100vw, (max-width: 640px) 100vw, 400px\" \/><\/span><\/div><\/div><\/div><div class=\"fusion-layout-column fusion_builder_column fusion-builder-column-2 fusion_builder_column_1_3 1_3 fusion-flex-column\" style=\"--awb-bg-size:cover;--awb-width-large:33.333333333333%;--awb-spacing-right-large:5.76%;--awb-spacing-left-large:5.76%;--awb-width-medium:100%;--awb-order-medium:0;--awb-spacing-right-medium:1.92%;--awb-spacing-left-medium:1.92%;--awb-width-small:100%;--awb-order-small:0;--awb-spacing-right-small:1.92%;--awb-spacing-left-small:1.92%;\"><div class=\"fusion-column-wrapper fusion-column-has-shadow fusion-flex-justify-content-flex-start fusion-content-layout-column\"><div class=\"fusion-image-element \" style=\"text-align:center;\"><span class=\" fusion-imageframe imageframe-none imageframe-3 hover-type-none\"><img decoding=\"async\" width=\"400\" height=\"113\" title=\"Landkreis\" src=\"https:\/\/gms-griesbach.de\/wp-content\/uploads\/2023\/11\/Landkreis-400x113.png\" alt class=\"img-responsive wp-image-11153\" srcset=\"https:\/\/gms-griesbach.de\/wp-content\/uploads\/2023\/11\/Landkreis-200x57.png 200w, https:\/\/gms-griesbach.de\/wp-content\/uploads\/2023\/11\/Landkreis-400x113.png 400w, https:\/\/gms-griesbach.de\/wp-content\/uploads\/2023\/11\/Landkreis-600x170.png 600w, https:\/\/gms-griesbach.de\/wp-content\/uploads\/2023\/11\/Landkreis-800x226.png 800w, https:\/\/gms-griesbach.de\/wp-content\/uploads\/2023\/11\/Landkreis.png 1000w\" sizes=\"(max-width: 1024px) 100vw, (max-width: 640px) 100vw, 400px\" \/><\/span><\/div><\/div><\/div><\/div><\/div><div class=\"fusion-fullwidth fullwidth-box fusion-builder-row-2 nonhundred-percent-fullwidth non-hundred-percent-height-scrolling\" style=\"--awb-border-radius-top-left:0px;--awb-border-radius-top-right:0px;--awb-border-radius-bottom-right:0px;--awb-border-radius-bottom-left:0px;--awb-padding-top:50px;\" ><div class=\"fusion-builder-row fusion-row\"><div class=\"fusion-layout-column fusion_builder_column fusion-builder-column-3 fusion_builder_column_1_2 1_2 fusion-one-half fusion-column-first\" style=\"--awb-bg-size:cover;--awb-margin-bottom:40px;width:48%; margin-right: 4%;\"><div class=\"fusion-column-wrapper fusion-flex-column-wrapper-legacy\"><div class=\"fusion-text fusion-text-1\"><h1>Ursula Neuleitner und Schulhund Leni<\/h1>\n<\/div><div class=\"fusion-sep-clear\"><\/div><div class=\"fusion-separator fusion-clearfix\" style=\"float:left;margin-top:0px;margin-bottom:35px;width:100%;max-width:170px;\"><div class=\"fusion-separator-border sep-single sep-solid\" style=\"border-color:#6abf16;border-top-width:3px;\"><\/div><\/div><div class=\"fusion-sep-clear\"><\/div><div class=\"fusion-clearfix\"><\/div><\/div><\/div><div class=\"fusion-layout-column fusion_builder_column fusion-builder-column-4 fusion_builder_column_1_3 1_3 fusion-one-third\" style=\"--awb-bg-size:cover;width:30.6666%; margin-right: 4%;\"><div class=\"fusion-column-wrapper fusion-flex-column-wrapper-legacy\"><div class=\"fusion-image-element fusion-image-align-center in-legacy-container\" style=\"text-align:center;\"><div class=\"imageframe-align-center\"><span class=\" fusion-imageframe imageframe-none imageframe-4 hover-type-none\"><img decoding=\"async\" width=\"683\" height=\"1024\" src=\"https:\/\/gms-griesbach.de\/wp-content\/uploads\/2018\/Fotos_Start\/unbenannt-10-von-21-683x1024.jpg\" alt class=\"img-responsive wp-image-1379\" srcset=\"https:\/\/gms-griesbach.de\/wp-content\/uploads\/2018\/Fotos_Start\/unbenannt-10-von-21-200x300.jpg 200w, https:\/\/gms-griesbach.de\/wp-content\/uploads\/2018\/Fotos_Start\/unbenannt-10-von-21-400x600.jpg 400w, https:\/\/gms-griesbach.de\/wp-content\/uploads\/2018\/Fotos_Start\/unbenannt-10-von-21-600x900.jpg 600w, https:\/\/gms-griesbach.de\/wp-content\/uploads\/2018\/Fotos_Start\/unbenannt-10-von-21-800x1200.jpg 800w, https:\/\/gms-griesbach.de\/wp-content\/uploads\/2018\/Fotos_Start\/unbenannt-10-von-21-1200x1800.jpg 1200w\" sizes=\"(max-width: 800px) 100vw, 400px\" \/><\/span><\/div><\/div><div class=\"fusion-clearfix\"><\/div><\/div><\/div><\/div><\/div><div class=\"fusion-fullwidth fullwidth-box fusion-builder-row-3 nonhundred-percent-fullwidth non-hundred-percent-height-scrolling\" style=\"--awb-background-position:left top;--awb-border-sizes-top:0px;--awb-border-sizes-bottom:0px;--awb-border-sizes-left:0px;--awb-border-sizes-right:0px;--awb-border-radius-top-left:0px;--awb-border-radius-top-right:0px;--awb-border-radius-bottom-right:0px;--awb-border-radius-bottom-left:0px;\" ><div class=\"fusion-builder-row fusion-row\"><div class=\"fusion-layout-column fusion_builder_column fusion-builder-column-5 fusion_builder_column_1_1 1_1 fusion-one-full fusion-column-first fusion-column-last\" style=\"--awb-bg-size:cover;\"><div class=\"fusion-column-wrapper fusion-flex-column-wrapper-legacy\"><div class=\"fusion-text fusion-text-2\"><h1>Was ist JaS?<\/h1>\n<\/div><div class=\"fusion-sep-clear\"><\/div><div class=\"fusion-separator fusion-clearfix\" style=\"float:left;margin-top:0px;margin-bottom:35px;width:100%;max-width:170px;\"><div class=\"fusion-separator-border sep-single sep-solid\" style=\"border-color:#6abf16;border-top-width:3px;\"><\/div><\/div><div class=\"fusion-sep-clear\"><\/div><ul style=\"--awb-size:25px;--awb-line-height:42.5px;--awb-icon-width:42.5px;--awb-icon-height:42.5px;--awb-icon-margin:17.5px;--awb-content-margin:60px;--awb-circlecolor:#6abf16;--awb-circle-yes-font-size:22px;\" class=\"fusion-checklist fusion-checklist-1 fusion-checklist-default type-icons\"><li class=\"fusion-li-item\" style=\"\"><span class=\"icon-wrapper circle-yes\"><i class=\"fusion-li-icon fa-school fas\" aria-hidden=\"true\"><\/i><\/span><div class=\"fusion-li-item-content\">\n<h2><span class=\"fs19\">Jugendsozialarbeit ist eine Leistung der Jugendhilfe in der Institution Schule, die der Grundlage des \u00a713 (1) SGB VIII erfolgt<\/span><\/h2>\n<\/div><\/li><li class=\"fusion-li-item\" style=\"\"><span class=\"icon-wrapper circle-yes\"><i class=\"fusion-li-icon fa-coins fas\" aria-hidden=\"true\"><\/i><\/span><div class=\"fusion-li-item-content\">\n<h2><span class=\"fs19\">Es ist ein freiwilliges, kostenloses Angebot und unterliegt der Schweigepflicht, d. h. alle Belange werden vertraulich behandelt<\/span><\/h2>\n<\/div><\/li><\/ul><div class=\"fusion-clearfix\"><\/div><\/div><\/div><\/div><\/div><div class=\"fusion-fullwidth fullwidth-box fusion-builder-row-4 nonhundred-percent-fullwidth non-hundred-percent-height-scrolling\" style=\"--awb-border-radius-top-left:0px;--awb-border-radius-top-right:0px;--awb-border-radius-bottom-right:0px;--awb-border-radius-bottom-left:0px;\" ><div class=\"fusion-builder-row fusion-row\"><div class=\"fusion-layout-column fusion_builder_column fusion-builder-column-6 fusion_builder_column_1_1 1_1 fusion-one-full fusion-column-first fusion-column-last\" style=\"--awb-bg-size:cover;--awb-margin-bottom:0px;\"><div class=\"fusion-column-wrapper fusion-flex-column-wrapper-legacy\"><div class=\"fusion-text fusion-text-3\"><h1>Ziele der JaS<\/h1>\n<\/div><div class=\"fusion-sep-clear\"><\/div><div class=\"fusion-separator fusion-clearfix\" style=\"float:left;margin-top:0px;margin-bottom:35px;width:100%;max-width:170px;\"><div class=\"fusion-separator-border sep-single sep-solid\" style=\"border-color:#6abf16;border-top-width:3px;\"><\/div><\/div><div class=\"fusion-sep-clear\"><\/div><ul style=\"--awb-size:25px;--awb-line-height:42.5px;--awb-icon-width:42.5px;--awb-icon-height:42.5px;--awb-icon-margin:17.5px;--awb-content-margin:60px;--awb-circlecolor:#6abf16;--awb-circle-yes-font-size:22px;\" class=\"fusion-checklist fusion-checklist-2 fusion-checklist-default type-icons\"><li class=\"fusion-li-item\" style=\"\"><span class=\"icon-wrapper circle-yes\"><i class=\"fusion-li-icon fa-user-plus fas\" aria-hidden=\"true\"><\/i><\/span><div class=\"fusion-li-item-content\">\n<h2><span class=\"fs14\">Soziale Integration st\u00e4rken, Pers\u00f6nlichkeitsentwicklung f\u00f6rdern, St\u00e4rkung sozialer Kompetenzen<\/span><\/h2>\n<\/div><\/li><li class=\"fusion-li-item\" style=\"\"><span class=\"icon-wrapper circle-yes\"><i class=\"fusion-li-icon fa-user-plus fas\" aria-hidden=\"true\"><\/i><\/span><div class=\"fusion-li-item-content\">\n<h2><span class=\"fs14\">\u00dcberwindung von Benachteiligung auch bei schwierigen sozialen und famili\u00e4ren Rahmenbedingungen<\/span><\/h2>\n<\/div><\/li><\/ul><div class=\"fusion-clearfix\"><\/div><\/div><\/div><\/div><\/div><div class=\"fusion-fullwidth fullwidth-box fusion-builder-row-5 nonhundred-percent-fullwidth non-hundred-percent-height-scrolling\" style=\"--awb-border-radius-top-left:0px;--awb-border-radius-top-right:0px;--awb-border-radius-bottom-right:0px;--awb-border-radius-bottom-left:0px;\" ><div class=\"fusion-builder-row fusion-row\"><div class=\"fusion-layout-column fusion_builder_column fusion-builder-column-7 fusion_builder_column_1_1 1_1 fusion-one-full fusion-column-first fusion-column-last\" style=\"--awb-bg-size:cover;\"><div class=\"fusion-column-wrapper fusion-flex-column-wrapper-legacy\"><div class=\"fusion-text fusion-text-4\"><h1>Erreichbarkeit<\/h1>\n<\/div><div class=\"fusion-sep-clear\"><\/div><div class=\"fusion-separator fusion-clearfix\" style=\"float:left;margin-top:0px;margin-bottom:35px;width:100%;max-width:170px;\"><div class=\"fusion-separator-border sep-single sep-solid\" style=\"border-color:#6abf16;border-top-width:3px;\"><\/div><\/div><div class=\"fusion-sep-clear\"><\/div><ul style=\"--awb-size:25px;--awb-line-height:42.5px;--awb-icon-width:42.5px;--awb-icon-height:42.5px;--awb-icon-margin:17.5px;--awb-content-margin:60px;--awb-circlecolor:#6abf16;--awb-circle-yes-font-size:22px;\" class=\"fusion-checklist fusion-checklist-3 fusion-checklist-default type-icons\"><li class=\"fusion-li-item\" style=\"\"><span class=\"icon-wrapper circle-yes\"><i class=\"fusion-li-icon fa-home fas\" aria-hidden=\"true\"><\/i><\/span><div class=\"fusion-li-item-content\">\n<h2><span class=\"fs19\">Mittelschule Bad Griesbach<\/span><br \/>\nSeilerberg 16<br \/>\n94086 Bad Griesbach<\/h2>\n<\/div><\/li><li class=\"fusion-li-item\" style=\"\"><span class=\"icon-wrapper circle-yes\"><i class=\"fusion-li-icon fa-phone fas\" aria-hidden=\"true\"><\/i><\/span><div class=\"fusion-li-item-content\">\n<h2>Tel.: 0 85 32 \/ 92 62 33 0<br \/>\nMobil: 0 151 \/ 14 13 23 81<\/h2>\n<\/div><\/li><li class=\"fusion-li-item\" style=\"\"><span class=\"icon-wrapper circle-yes\"><i class=\"fusion-li-icon fa-at fas\" aria-hidden=\"true\"><\/i><\/span><div class=\"fusion-li-item-content\">\n<h2>E-Mail: <a href=\"mailto:ursula.neuleitner@landkreis-passau.de\">ursula.neuleitner@landkreis-passau.de<\/a><\/h2>\n<\/div><\/li><li class=\"fusion-li-item\" style=\"\"><span class=\"icon-wrapper circle-yes\"><i class=\"fusion-li-icon fa-clock far\" aria-hidden=\"true\"><\/i><\/span><div class=\"fusion-li-item-content\">\n<h2>Sprechstunde:<br \/>\nMontag &#8211; Donnerstag von 8.30 &#8211; 12.30 Uhr<\/h2>\n<\/div><\/li><li class=\"fusion-li-item\" style=\"\"><span class=\"icon-wrapper circle-yes\"><i class=\"fusion-li-icon fa-question-circle far\" aria-hidden=\"true\"><\/i><\/span><div class=\"fusion-li-item-content\">\n<h2>Hinweise zum Datenschutz nach Art. 13 Datenschutz-Grundverordnung (DSGVO)<\/h2>\n<h2><a href=\"https:\/\/gms-griesbach.de\/wp-content\/uploads\/2023\/11\/Hinweise-zum-Datenschutz-JaS-Kreisjugendamt-Passau.pdf\">Bitte hier klicken!<\/a><\/h2>\n<\/div><\/li><\/ul><div class=\"fusion-clearfix\"><\/div><\/div><\/div><\/div><\/div><div class=\"fusion-fullwidth fullwidth-box fusion-builder-row-6 nonhundred-percent-fullwidth non-hundred-percent-height-scrolling\" style=\"--awb-background-position:left top;--awb-border-sizes-top:0px;--awb-border-sizes-bottom:0px;--awb-border-sizes-left:0px;--awb-border-sizes-right:0px;--awb-border-radius-top-left:0px;--awb-border-radius-top-right:0px;--awb-border-radius-bottom-right:0px;--awb-border-radius-bottom-left:0px;\" ><div class=\"fusion-builder-row fusion-row\"><div class=\"fusion-layout-column fusion_builder_column fusion-builder-column-8 fusion_builder_column_1_1 1_1 fusion-one-full fusion-column-first fusion-column-last\" style=\"--awb-bg-size:cover;\"><div class=\"fusion-column-wrapper fusion-flex-column-wrapper-legacy\"><div class=\"fusion-text fusion-text-5\"><h1>JaS f\u00fcr Sch\u00fcler<\/h1>\n<\/div><div class=\"fusion-sep-clear\"><\/div><div class=\"fusion-separator fusion-clearfix\" style=\"float:left;margin-top:0px;margin-bottom:35px;width:100%;max-width:170px;\"><div class=\"fusion-separator-border sep-single sep-solid\" style=\"border-color:#6abf16;border-top-width:3px;\"><\/div><\/div><div class=\"fusion-sep-clear\"><\/div><ul style=\"--awb-size:25px;--awb-line-height:42.5px;--awb-icon-width:42.5px;--awb-icon-height:42.5px;--awb-icon-margin:17.5px;--awb-content-margin:60px;--awb-circlecolor:#6abf16;--awb-circle-yes-font-size:22px;\" class=\"fusion-checklist fusion-checklist-4 fusion-checklist-default type-icons\"><li class=\"fusion-li-item\" style=\"\"><span class=\"icon-wrapper circle-yes\"><i class=\"fusion-li-icon fa-school fas\" aria-hidden=\"true\"><\/i><\/span><div class=\"fusion-li-item-content\">\n<h2><span class=\"fs14\">die Schwierigkeiten in der Schule bzw. mit Lehrern haben<\/span><\/h2>\n<\/div><\/li><li class=\"fusion-li-item\" style=\"\"><span class=\"icon-wrapper circle-yes\"><i class=\"fusion-li-icon fa-frown far\" aria-hidden=\"true\"><\/i><\/span><div class=\"fusion-li-item-content\">\n<h2><span class=\"fs14\">die psychische und\/oder famili\u00e4re Probleme haben<\/span><\/h2>\n<\/div><\/li><li class=\"fusion-li-item\" style=\"\"><span class=\"icon-wrapper circle-yes\"><i class=\"fusion-li-icon fa-frown far\" aria-hidden=\"true\"><\/i><\/span><div class=\"fusion-li-item-content\">\n<h2><span class=\"fs14\">die Stress bzw. Probleme mit Mitsch\u00fclern bzw. im Freundeskreis haben<br \/>\n<\/span><\/h2>\n<\/div><\/li><li class=\"fusion-li-item\" style=\"\"><span class=\"icon-wrapper circle-yes\"><i class=\"fusion-li-icon fa-question-circle far\" aria-hidden=\"true\"><\/i><\/span><div class=\"fusion-li-item-content\">\n<h2><span class=\"fs14\">die Fragen zu bestimmten Themen (z.B. Berufsfindung, Suchtmittel, Sexualit\u00e4t etc. ) haben<\/span><\/h2>\n<\/div><\/li><li class=\"fusion-li-item\" style=\"\"><span class=\"icon-wrapper circle-yes\"><i class=\"fusion-li-icon fa-comments far\" aria-hidden=\"true\"><\/i><\/span><div class=\"fusion-li-item-content\">\n<h2><span class=\"fs14\">die einfach mal einen Gespr\u00e4chspartner brauchen<\/span><\/h2>\n<\/div><\/li><li class=\"fusion-li-item\" style=\"\"><span class=\"icon-wrapper circle-yes\"><i class=\"fusion-li-icon fa-thumbs-down far\" aria-hidden=\"true\"><\/i><\/span><div class=\"fusion-li-item-content\">\n<h2><span class=\"fs14\">die durch ihr Verhalten,\u00a0<\/span><span class=\"fs14\"> durch Schulverweigerung und <\/span><span class=\"fs14\">durch erh\u00f6hte Aggressivit\u00e4t und Gewaltbereitschaft auffallen<\/span><\/h2>\n<\/div><\/li><\/ul><div class=\"fusion-clearfix\"><\/div><\/div><\/div><\/div><\/div><div class=\"fusion-fullwidth fullwidth-box fusion-builder-row-7 nonhundred-percent-fullwidth non-hundred-percent-height-scrolling\" style=\"--awb-border-radius-top-left:0px;--awb-border-radius-top-right:0px;--awb-border-radius-bottom-right:0px;--awb-border-radius-bottom-left:0px;\" ><div class=\"fusion-builder-row fusion-row\"><div class=\"fusion-layout-column fusion_builder_column fusion-builder-column-9 fusion_builder_column_1_1 1_1 fusion-one-full fusion-column-first fusion-column-last\" style=\"--awb-bg-size:cover;--awb-margin-bottom:0px;\"><div class=\"fusion-column-wrapper fusion-flex-column-wrapper-legacy\"><div class=\"fusion-text fusion-text-6\"><h1>JaS f\u00fcr Eltern<\/h1>\n<\/div><div class=\"fusion-sep-clear\"><\/div><div class=\"fusion-separator fusion-clearfix\" style=\"float:left;margin-top:0px;margin-bottom:35px;width:100%;max-width:170px;\"><div class=\"fusion-separator-border sep-single sep-solid\" style=\"border-color:#6abf16;border-top-width:3px;\"><\/div><\/div><div class=\"fusion-sep-clear\"><\/div><ul style=\"--awb-size:25px;--awb-line-height:42.5px;--awb-icon-width:42.5px;--awb-icon-height:42.5px;--awb-icon-margin:17.5px;--awb-content-margin:60px;--awb-circlecolor:#6abf16;--awb-circle-yes-font-size:22px;\" class=\"fusion-checklist fusion-checklist-5 fusion-checklist-default type-icons\"><li class=\"fusion-li-item\" style=\"\"><span class=\"icon-wrapper circle-yes\"><i class=\"fusion-li-icon fa-school fas\" aria-hidden=\"true\"><\/i><\/span><div class=\"fusion-li-item-content\">\n<h2><span class=\"fs14\">die Fragen zur Zusammenarbeit mit der Schule haben<\/span><\/h2>\n<\/div><\/li><li class=\"fusion-li-item\" style=\"\"><span class=\"icon-wrapper circle-yes\"><i class=\"fusion-li-icon fa-hands-helping fas\" aria-hidden=\"true\"><\/i><\/span><div class=\"fusion-li-item-content\">\n<h2><span class=\"fs14\">die Hilfe bei der Suche nach passenden Beratungsstellen brauchen<\/span><\/h2>\n<\/div><\/li><li class=\"fusion-li-item\" style=\"\"><span class=\"icon-wrapper circle-yes\"><i class=\"fusion-li-icon fa-hands-helping fas\" aria-hidden=\"true\"><\/i><\/span><div class=\"fusion-li-item-content\">\n<h2><span class=\"fs14\">die Unterst\u00fctzung in Problemsituationen ben\u00f6tigen<\/span><\/h2>\n<\/div><\/li><li class=\"fusion-li-item\" style=\"\"><span class=\"icon-wrapper circle-yes\"><i class=\"fusion-li-icon fa-sad-tear far\" aria-hidden=\"true\"><\/i><\/span><div class=\"fusion-li-item-content\">\n<h2><span class=\"fs14\">die Erziehungsschwierigkeiten haben und \u00fcberfordert sind<\/span><\/h2>\n<\/div><\/li><\/ul><div class=\"fusion-clearfix\"><\/div><\/div><\/div><\/div><\/div><div class=\"fusion-fullwidth fullwidth-box fusion-builder-row-8 nonhundred-percent-fullwidth non-hundred-percent-height-scrolling\" style=\"--awb-border-radius-top-left:0px;--awb-border-radius-top-right:0px;--awb-border-radius-bottom-right:0px;--awb-border-radius-bottom-left:0px;\" ><div class=\"fusion-builder-row fusion-row\"><div class=\"fusion-layout-column fusion_builder_column fusion-builder-column-10 fusion_builder_column_1_1 1_1 fusion-one-full fusion-column-first fusion-column-last\" style=\"--awb-bg-size:cover;\"><div class=\"fusion-column-wrapper fusion-flex-column-wrapper-legacy\"><div class=\"fusion-text fusion-text-7\"><h1>JaS f\u00fcr Lehrer<\/h1>\n<\/div><div class=\"fusion-sep-clear\"><\/div><div class=\"fusion-separator fusion-clearfix\" style=\"float:left;margin-top:0px;margin-bottom:35px;width:100%;max-width:170px;\"><div class=\"fusion-separator-border sep-single sep-solid\" style=\"border-color:#6abf16;border-top-width:3px;\"><\/div><\/div><div class=\"fusion-sep-clear\"><\/div><ul style=\"--awb-size:25px;--awb-line-height:42.5px;--awb-icon-width:42.5px;--awb-icon-height:42.5px;--awb-icon-margin:17.5px;--awb-content-margin:60px;--awb-circlecolor:#6abf16;--awb-circle-yes-font-size:22px;\" class=\"fusion-checklist fusion-checklist-6 fusion-checklist-default type-icons\"><li class=\"fusion-li-item\" style=\"\"><span class=\"icon-wrapper circle-yes\"><i class=\"fusion-li-icon fa-grin-tongue-squint far\" aria-hidden=\"true\"><\/i><\/span><div class=\"fusion-li-item-content\">\n<h2><span class=\"fs14\">die Verhaltensauff\u00e4lligkeiten von Sch\u00fclern bemerken<br \/>\n<\/span><\/h2>\n<\/div><\/li><li class=\"fusion-li-item\" style=\"\"><span class=\"icon-wrapper circle-yes\"><i class=\"fusion-li-icon fa-users fas\" aria-hidden=\"true\"><\/i><\/span><div class=\"fusion-li-item-content\">\n<h2><span class=\"fs14\">die Mobbing in der Klasse bemerken<br \/>\n<\/span><\/h2>\n<\/div><\/li><li class=\"fusion-li-item\" style=\"\"><span class=\"icon-wrapper circle-yes\"><i class=\"fusion-li-icon fa-heartbeat fas\" aria-hidden=\"true\"><\/i><\/span><div class=\"fusion-li-item-content\">\n<h2><span class=\"fs14\">die Krisensituationen bemerken<\/span><\/h2>\n<\/div><\/li><\/ul><div class=\"fusion-clearfix\"><\/div><\/div><\/div><\/div><\/div><\/p>\n","protected":false},"excerpt":{"rendered":"","protected":false},"author":1,"featured_media":0,"parent":0,"menu_order":0,"comment_status":"closed","ping_status":"closed","template":"100-width.php","meta":{"footnotes":""},"class_list":["post-1376","page","type-page","status-publish","hentry"],"_links":{"self":[{"href":"https:\/\/gms-griesbach.de\/index.php?rest_route=\/wp\/v2\/pages\/1376","targetHints":{"allow":["GET"]}}],"collection":[{"href":"https:\/\/gms-griesbach.de\/index.php?rest_route=\/wp\/v2\/pages"}],"about":[{"href":"https:\/\/gms-griesbach.de\/index.php?rest_route=\/wp\/v2\/types\/page"}],"author":[{"embeddable":true,"href":"https:\/\/gms-griesbach.de\/index.php?rest_route=\/wp\/v2\/users\/1"}],"replies":[{"embeddable":true,"href":"https:\/\/gms-griesbach.de\/index.php?rest_route=%2Fwp%2Fv2%2Fcomments&post=1376"}],"version-history":[{"count":70,"href":"https:\/\/gms-griesbach.de\/index.php?rest_route=\/wp\/v2\/pages\/1376\/revisions"}],"predecessor-version":[{"id":11161,"href":"https:\/\/gms-griesbach.de\/index.php?rest_route=\/wp\/v2\/pages\/1376\/revisions\/11161"}],"wp:attachment":[{"href":"https:\/\/gms-griesbach.de\/index.php?rest_route=%2Fwp%2Fv2%2Fmedia&parent=1376"}],"curies":[{"name":"wp","href":"https:\/\/api.w.org\/{rel}","templated":true}]}}