{"id":1917,"date":"2018-08-19T07:00:23","date_gmt":"2018-08-19T07:00:23","guid":{"rendered":"http:\/\/gms-griesbach.de\/?page_id=1917"},"modified":"2018-09-01T05:08:21","modified_gmt":"2018-09-01T05:08:21","slug":"patenschule","status":"publish","type":"page","link":"https:\/\/gms-griesbach.de\/?page_id=1917","title":{"rendered":"Patenschule"},"content":{"rendered":"<p><div class=\"fusion-fullwidth fullwidth-box fusion-builder-row-1 nonhundred-percent-fullwidth non-hundred-percent-height-scrolling\" style=\"--awb-border-radius-top-left:0px;--awb-border-radius-top-right:0px;--awb-border-radius-bottom-right:0px;--awb-border-radius-bottom-left:0px;--awb-padding-top:50px;\" ><div class=\"fusion-builder-row fusion-row\"><div class=\"fusion-layout-column fusion_builder_column fusion-builder-column-0 fusion_builder_column_1_1 1_1 fusion-one-full fusion-column-first fusion-column-last\" style=\"--awb-bg-size:cover;\"><div class=\"fusion-column-wrapper fusion-flex-column-wrapper-legacy\"><div class=\"fusion-text fusion-text-1\"><h1>Wir sind Bayerns erste Patenschule<\/h1>\n<\/div><div class=\"fusion-sep-clear\"><\/div><div class=\"fusion-separator fusion-clearfix\" style=\"float:left;margin-top:0px;margin-bottom:35px;width:100%;max-width:170px;\"><div class=\"fusion-separator-border sep-single sep-solid\" style=\"border-color:#6abf16;border-top-width:3px;\"><\/div><\/div><div class=\"fusion-sep-clear\"><\/div><div class=\"fusion-clearfix\"><\/div><\/div><\/div><\/div><\/div><div class=\"fusion-fullwidth fullwidth-box fusion-builder-row-2 nonhundred-percent-fullwidth non-hundred-percent-height-scrolling\" style=\"--awb-background-position:left top;--awb-border-radius-top-left:0px;--awb-border-radius-top-right:0px;--awb-border-radius-bottom-right:0px;--awb-border-radius-bottom-left:0px;--awb-padding-top:10px;--awb-padding-bottom:10px;--awb-border-sizes-top:0px;--awb-border-sizes-bottom:0px;\" ><div class=\"fusion-builder-row fusion-row\"><div class=\"fusion-layout-column fusion_builder_column fusion-builder-column-1 fusion_builder_column_1_3 1_3 fusion-one-third fusion-column-first\" style=\"--awb-bg-size:cover;--awb-margin-bottom:40px;width:30.6666%; margin-right: 4%;\"><div class=\"fusion-column-wrapper fusion-flex-column-wrapper-legacy\"><div class=\"fusion-text fusion-text-2\"><h1><em>Seit Januar 2010 unterst\u00fctzen wir das Kinderhaus &#8222;Casadeni&#8220; in Ayacucho in Peru.<\/em><\/h1>\n<\/div><div class=\"fusion-clearfix\"><\/div><\/div><\/div><div class=\"fusion-layout-column fusion_builder_column fusion-builder-column-2 fusion_builder_column_1_3 1_3 fusion-one-third\" style=\"--awb-bg-size:cover;--awb-margin-bottom:0px;width:30.6666%; margin-right: 4%;\"><div class=\"fusion-column-wrapper fusion-flex-column-wrapper-legacy\"><div class=\"fusion-image-element in-legacy-container\"><span class=\" fusion-imageframe imageframe-none imageframe-1 hover-type-none\"><a href=\"https:\/\/gms-griesbach.de\/wp-content\/uploads\/2018\/Logos\/Kinderhilfe-560.png\" class=\"fusion-lightbox\" data-rel=\"iLightbox[ba722d9e8a429810a02]\"><img decoding=\"async\" width=\"560\" height=\"292\" src=\"https:\/\/gms-griesbach.de\/wp-content\/uploads\/2018\/Logos\/Kinderhilfe-560.png\" alt class=\"img-responsive wp-image-1187\" srcset=\"https:\/\/gms-griesbach.de\/wp-content\/uploads\/2018\/Logos\/Kinderhilfe-560-200x104.png 200w, https:\/\/gms-griesbach.de\/wp-content\/uploads\/2018\/Logos\/Kinderhilfe-560-400x209.png 400w, https:\/\/gms-griesbach.de\/wp-content\/uploads\/2018\/Logos\/Kinderhilfe-560.png 560w\" sizes=\"(max-width: 800px) 100vw, 400px\" \/><\/a><\/span><\/div><div class=\"fusion-sep-clear\"><\/div><div class=\"fusion-separator fusion-full-width-sep fusion-clearfix\" style=\"float:left;margin-top:10px;margin-bottom:10px;width:100%;\"><\/div><div class=\"fusion-sep-clear\"><\/div><div class=\"fusion-text fusion-text-3\"><h3>Seit 1994 engagiert sich die BLLV-Kinderhilfe in Peru. In diesen Jahren der intensiven Zusammenarbeit und des regelm\u00e4\u00dfigen Austauschs zwischen dem \u00f6rtlichen Tr\u00e4ger und dem BLLV ist in der Bezirkshauptstadt Ayacucho ein Modellprojekt f\u00fcr wirksame \u00dcberwindung von Kinderarmut entstanden. Dabei wird besonderer Wert auf die ganzheitliche Entwicklung der von extremer Armut gezeichneten Kinder und Jugendlichen gelegt &#8211; ein Ansatz, der mit den \u00dcberzeugungen des BLLV \u00fcbereinstimmt.<\/h3>\n<\/div><div class=\"fusion-clearfix\"><\/div><\/div><\/div><div class=\"fusion-layout-column fusion_builder_column fusion-builder-column-3 fusion_builder_column_1_3 1_3 fusion-one-third fusion-column-last\" style=\"--awb-bg-size:cover;width:30.6666%;\"><div class=\"fusion-column-wrapper fusion-flex-column-wrapper-legacy\"><div class=\"fusion-text fusion-text-4\"><h3>Das Kinderhaus CASADENI ist anerkannt als besonders wirksam arbeitende Einrichtung. Die fast 30 Mitarbeiterinnen und Mitarbeiter sind hoch motiviert und kompetent. J\u00e4hrlich hospitieren Lehramtsstudentinnen aus Bayern im Rahmen des BLLV-Auslandsprogramms f\u00fcr zwei Monate im Kinderhaus. Dadurch ist eine besondere Verbundenheit mit dem BLLV entstanden. Auch wird das Kinderhaus regelm\u00e4\u00dfig von Mitarbeitern der BLLV-Kinderhilfe besucht.<\/h3>\n<\/div><div class=\"fusion-clearfix\"><\/div><\/div><\/div><\/div><\/div><div class=\"fusion-fullwidth fullwidth-box fusion-builder-row-3 nonhundred-percent-fullwidth non-hundred-percent-height-scrolling\" style=\"--awb-border-radius-top-left:0px;--awb-border-radius-top-right:0px;--awb-border-radius-bottom-right:0px;--awb-border-radius-bottom-left:0px;--awb-padding-top:50px;--awb-padding-bottom:50px;\" ><div class=\"fusion-builder-row fusion-row\"><div class=\"fusion-layout-column fusion_builder_column fusion-builder-column-4 fusion_builder_column_1_2 1_2 fusion-one-half fusion-column-first\" style=\"--awb-bg-size:cover;width:50%;width:calc(50% - ( ( 4% ) * 0.5 ) );margin-right: 4%;\"><div class=\"fusion-column-wrapper fusion-flex-column-wrapper-legacy\"><div class=\"fusion-image-carousel fusion-image-carousel-auto fusion-image-carousel-1 fusion-carousel-border\"><div class=\"awb-carousel awb-swiper awb-swiper-carousel\" data-autoplay=\"yes\" data-columns=\"1\" data-itemmargin=\"13\" data-itemwidth=\"180\" data-touchscroll=\"no\" data-imagesize=\"auto\" style=\"--awb-columns:1;\"><div class=\"swiper-wrapper fusion-flex-align-items-center\"><div class=\"swiper-slide\"><div class=\"fusion-carousel-item-wrapper\"><div class=\"fusion-image-wrapper hover-type-none\"><img decoding=\"async\" width=\"1024\" height=\"684\" src=\"https:\/\/gms-griesbach.de\/wp-content\/uploads\/2018\/Fotos_Start\/Kinderhaus-1.jpg\" class=\"attachment-full size-full\" alt=\"\" srcset=\"https:\/\/gms-griesbach.de\/wp-content\/uploads\/2018\/Fotos_Start\/Kinderhaus-1-200x134.jpg 200w, https:\/\/gms-griesbach.de\/wp-content\/uploads\/2018\/Fotos_Start\/Kinderhaus-1-300x200.jpg 300w, https:\/\/gms-griesbach.de\/wp-content\/uploads\/2018\/Fotos_Start\/Kinderhaus-1-400x267.jpg 400w, https:\/\/gms-griesbach.de\/wp-content\/uploads\/2018\/Fotos_Start\/Kinderhaus-1-600x401.jpg 600w, https:\/\/gms-griesbach.de\/wp-content\/uploads\/2018\/Fotos_Start\/Kinderhaus-1-768x513.jpg 768w, https:\/\/gms-griesbach.de\/wp-content\/uploads\/2018\/Fotos_Start\/Kinderhaus-1-800x534.jpg 800w, https:\/\/gms-griesbach.de\/wp-content\/uploads\/2018\/Fotos_Start\/Kinderhaus-1.jpg 1024w\" sizes=\"(max-width: 1024px) 100vw, 1024px\" \/><\/div><\/div><\/div><div class=\"swiper-slide\"><div class=\"fusion-carousel-item-wrapper\"><div class=\"fusion-image-wrapper hover-type-none\"><img decoding=\"async\" width=\"1024\" height=\"680\" src=\"https:\/\/gms-griesbach.de\/wp-content\/uploads\/2018\/Fotos_Start\/Kinderhaus-2.jpg\" class=\"attachment-full size-full\" alt=\"\" srcset=\"https:\/\/gms-griesbach.de\/wp-content\/uploads\/2018\/Fotos_Start\/Kinderhaus-2-200x133.jpg 200w, https:\/\/gms-griesbach.de\/wp-content\/uploads\/2018\/Fotos_Start\/Kinderhaus-2-300x199.jpg 300w, https:\/\/gms-griesbach.de\/wp-content\/uploads\/2018\/Fotos_Start\/Kinderhaus-2-400x266.jpg 400w, https:\/\/gms-griesbach.de\/wp-content\/uploads\/2018\/Fotos_Start\/Kinderhaus-2-600x398.jpg 600w, https:\/\/gms-griesbach.de\/wp-content\/uploads\/2018\/Fotos_Start\/Kinderhaus-2-768x510.jpg 768w, https:\/\/gms-griesbach.de\/wp-content\/uploads\/2018\/Fotos_Start\/Kinderhaus-2-800x531.jpg 800w, https:\/\/gms-griesbach.de\/wp-content\/uploads\/2018\/Fotos_Start\/Kinderhaus-2.jpg 1024w\" sizes=\"(max-width: 1024px) 100vw, 1024px\" \/><\/div><\/div><\/div><div class=\"swiper-slide\"><div class=\"fusion-carousel-item-wrapper\"><div class=\"fusion-image-wrapper hover-type-none\"><img decoding=\"async\" width=\"1024\" height=\"683\" src=\"https:\/\/gms-griesbach.de\/wp-content\/uploads\/2018\/Fotos_Start\/Kinderhaus-3.jpg\" class=\"attachment-full size-full\" alt=\"\" srcset=\"https:\/\/gms-griesbach.de\/wp-content\/uploads\/2018\/Fotos_Start\/Kinderhaus-3-200x133.jpg 200w, https:\/\/gms-griesbach.de\/wp-content\/uploads\/2018\/Fotos_Start\/Kinderhaus-3-300x200.jpg 300w, https:\/\/gms-griesbach.de\/wp-content\/uploads\/2018\/Fotos_Start\/Kinderhaus-3-400x267.jpg 400w, https:\/\/gms-griesbach.de\/wp-content\/uploads\/2018\/Fotos_Start\/Kinderhaus-3-600x400.jpg 600w, https:\/\/gms-griesbach.de\/wp-content\/uploads\/2018\/Fotos_Start\/Kinderhaus-3-768x512.jpg 768w, https:\/\/gms-griesbach.de\/wp-content\/uploads\/2018\/Fotos_Start\/Kinderhaus-3-800x534.jpg 800w, https:\/\/gms-griesbach.de\/wp-content\/uploads\/2018\/Fotos_Start\/Kinderhaus-3.jpg 1024w\" sizes=\"(max-width: 1024px) 100vw, 1024px\" \/><\/div><\/div><\/div><div class=\"swiper-slide\"><div class=\"fusion-carousel-item-wrapper\"><div class=\"fusion-image-wrapper hover-type-none\"><img decoding=\"async\" width=\"1024\" height=\"684\" src=\"https:\/\/gms-griesbach.de\/wp-content\/uploads\/2018\/Fotos_Start\/KInderhaus-4.jpg\" class=\"attachment-full size-full\" alt=\"\" srcset=\"https:\/\/gms-griesbach.de\/wp-content\/uploads\/2018\/Fotos_Start\/KInderhaus-4-200x134.jpg 200w, https:\/\/gms-griesbach.de\/wp-content\/uploads\/2018\/Fotos_Start\/KInderhaus-4-300x200.jpg 300w, https:\/\/gms-griesbach.de\/wp-content\/uploads\/2018\/Fotos_Start\/KInderhaus-4-400x267.jpg 400w, https:\/\/gms-griesbach.de\/wp-content\/uploads\/2018\/Fotos_Start\/KInderhaus-4-600x401.jpg 600w, https:\/\/gms-griesbach.de\/wp-content\/uploads\/2018\/Fotos_Start\/KInderhaus-4-768x513.jpg 768w, https:\/\/gms-griesbach.de\/wp-content\/uploads\/2018\/Fotos_Start\/KInderhaus-4-800x534.jpg 800w, https:\/\/gms-griesbach.de\/wp-content\/uploads\/2018\/Fotos_Start\/KInderhaus-4.jpg 1024w\" sizes=\"(max-width: 1024px) 100vw, 1024px\" \/><\/div><\/div><\/div><div class=\"swiper-slide\"><div class=\"fusion-carousel-item-wrapper\"><div class=\"fusion-image-wrapper hover-type-none\"><img decoding=\"async\" width=\"1024\" height=\"680\" src=\"https:\/\/gms-griesbach.de\/wp-content\/uploads\/2018\/Fotos_Start\/KInderhaus-5.jpg\" class=\"attachment-full size-full\" alt=\"\" srcset=\"https:\/\/gms-griesbach.de\/wp-content\/uploads\/2018\/Fotos_Start\/KInderhaus-5-200x133.jpg 200w, https:\/\/gms-griesbach.de\/wp-content\/uploads\/2018\/Fotos_Start\/KInderhaus-5-300x199.jpg 300w, https:\/\/gms-griesbach.de\/wp-content\/uploads\/2018\/Fotos_Start\/KInderhaus-5-400x266.jpg 400w, https:\/\/gms-griesbach.de\/wp-content\/uploads\/2018\/Fotos_Start\/KInderhaus-5-600x398.jpg 600w, https:\/\/gms-griesbach.de\/wp-content\/uploads\/2018\/Fotos_Start\/KInderhaus-5-768x510.jpg 768w, https:\/\/gms-griesbach.de\/wp-content\/uploads\/2018\/Fotos_Start\/KInderhaus-5-800x531.jpg 800w, https:\/\/gms-griesbach.de\/wp-content\/uploads\/2018\/Fotos_Start\/KInderhaus-5.jpg 1024w\" sizes=\"(max-width: 1024px) 100vw, 1024px\" \/><\/div><\/div><\/div><div class=\"swiper-slide\"><div class=\"fusion-carousel-item-wrapper\"><div class=\"fusion-image-wrapper hover-type-none\"><img decoding=\"async\" width=\"1024\" height=\"680\" src=\"https:\/\/gms-griesbach.de\/wp-content\/uploads\/2018\/Fotos_Start\/Kinderhaus-6.jpg\" class=\"attachment-full size-full\" alt=\"\" srcset=\"https:\/\/gms-griesbach.de\/wp-content\/uploads\/2018\/Fotos_Start\/Kinderhaus-6-200x133.jpg 200w, https:\/\/gms-griesbach.de\/wp-content\/uploads\/2018\/Fotos_Start\/Kinderhaus-6-300x199.jpg 300w, https:\/\/gms-griesbach.de\/wp-content\/uploads\/2018\/Fotos_Start\/Kinderhaus-6-400x266.jpg 400w, https:\/\/gms-griesbach.de\/wp-content\/uploads\/2018\/Fotos_Start\/Kinderhaus-6-600x398.jpg 600w, https:\/\/gms-griesbach.de\/wp-content\/uploads\/2018\/Fotos_Start\/Kinderhaus-6-768x510.jpg 768w, https:\/\/gms-griesbach.de\/wp-content\/uploads\/2018\/Fotos_Start\/Kinderhaus-6-800x531.jpg 800w, https:\/\/gms-griesbach.de\/wp-content\/uploads\/2018\/Fotos_Start\/Kinderhaus-6.jpg 1024w\" sizes=\"(max-width: 1024px) 100vw, 1024px\" \/><\/div><\/div><\/div><div class=\"swiper-slide\"><div class=\"fusion-carousel-item-wrapper\"><div class=\"fusion-image-wrapper hover-type-none\"><img decoding=\"async\" width=\"1024\" height=\"680\" src=\"https:\/\/gms-griesbach.de\/wp-content\/uploads\/2018\/Fotos_Start\/Kinderhaus-7.jpg\" class=\"attachment-full size-full\" alt=\"\" srcset=\"https:\/\/gms-griesbach.de\/wp-content\/uploads\/2018\/Fotos_Start\/Kinderhaus-7-200x133.jpg 200w, https:\/\/gms-griesbach.de\/wp-content\/uploads\/2018\/Fotos_Start\/Kinderhaus-7-300x199.jpg 300w, https:\/\/gms-griesbach.de\/wp-content\/uploads\/2018\/Fotos_Start\/Kinderhaus-7-400x266.jpg 400w, https:\/\/gms-griesbach.de\/wp-content\/uploads\/2018\/Fotos_Start\/Kinderhaus-7-600x398.jpg 600w, https:\/\/gms-griesbach.de\/wp-content\/uploads\/2018\/Fotos_Start\/Kinderhaus-7-768x510.jpg 768w, https:\/\/gms-griesbach.de\/wp-content\/uploads\/2018\/Fotos_Start\/Kinderhaus-7-800x531.jpg 800w, https:\/\/gms-griesbach.de\/wp-content\/uploads\/2018\/Fotos_Start\/Kinderhaus-7.jpg 1024w\" sizes=\"(max-width: 1024px) 100vw, 1024px\" \/><\/div><\/div><\/div><div class=\"swiper-slide\"><div class=\"fusion-carousel-item-wrapper\"><div class=\"fusion-image-wrapper hover-type-none\"><img decoding=\"async\" width=\"1024\" height=\"680\" src=\"https:\/\/gms-griesbach.de\/wp-content\/uploads\/2018\/Fotos_Start\/Kinderhaus-8.jpg\" class=\"attachment-full size-full\" alt=\"\" srcset=\"https:\/\/gms-griesbach.de\/wp-content\/uploads\/2018\/Fotos_Start\/Kinderhaus-8-200x133.jpg 200w, https:\/\/gms-griesbach.de\/wp-content\/uploads\/2018\/Fotos_Start\/Kinderhaus-8-300x199.jpg 300w, https:\/\/gms-griesbach.de\/wp-content\/uploads\/2018\/Fotos_Start\/Kinderhaus-8-400x266.jpg 400w, https:\/\/gms-griesbach.de\/wp-content\/uploads\/2018\/Fotos_Start\/Kinderhaus-8-600x398.jpg 600w, https:\/\/gms-griesbach.de\/wp-content\/uploads\/2018\/Fotos_Start\/Kinderhaus-8-768x510.jpg 768w, https:\/\/gms-griesbach.de\/wp-content\/uploads\/2018\/Fotos_Start\/Kinderhaus-8-800x531.jpg 800w, https:\/\/gms-griesbach.de\/wp-content\/uploads\/2018\/Fotos_Start\/Kinderhaus-8.jpg 1024w\" sizes=\"(max-width: 1024px) 100vw, 1024px\" \/><\/div><\/div><\/div><div class=\"swiper-slide\"><div class=\"fusion-carousel-item-wrapper\"><div class=\"fusion-image-wrapper hover-type-none\"><img decoding=\"async\" width=\"1024\" height=\"680\" src=\"https:\/\/gms-griesbach.de\/wp-content\/uploads\/2018\/Fotos_Start\/Kinderhaus-9.jpg\" class=\"attachment-full size-full\" alt=\"\" srcset=\"https:\/\/gms-griesbach.de\/wp-content\/uploads\/2018\/Fotos_Start\/Kinderhaus-9-200x133.jpg 200w, https:\/\/gms-griesbach.de\/wp-content\/uploads\/2018\/Fotos_Start\/Kinderhaus-9-300x199.jpg 300w, https:\/\/gms-griesbach.de\/wp-content\/uploads\/2018\/Fotos_Start\/Kinderhaus-9-400x266.jpg 400w, https:\/\/gms-griesbach.de\/wp-content\/uploads\/2018\/Fotos_Start\/Kinderhaus-9-600x398.jpg 600w, https:\/\/gms-griesbach.de\/wp-content\/uploads\/2018\/Fotos_Start\/Kinderhaus-9-768x510.jpg 768w, https:\/\/gms-griesbach.de\/wp-content\/uploads\/2018\/Fotos_Start\/Kinderhaus-9-800x531.jpg 800w, https:\/\/gms-griesbach.de\/wp-content\/uploads\/2018\/Fotos_Start\/Kinderhaus-9.jpg 1024w\" sizes=\"(max-width: 1024px) 100vw, 1024px\" \/><\/div><\/div><\/div><div class=\"swiper-slide\"><div class=\"fusion-carousel-item-wrapper\"><div class=\"fusion-image-wrapper hover-type-none\"><img decoding=\"async\" width=\"1024\" height=\"680\" src=\"https:\/\/gms-griesbach.de\/wp-content\/uploads\/2018\/Fotos_Start\/Kinderhaus-10.jpg\" class=\"attachment-full size-full\" alt=\"\" srcset=\"https:\/\/gms-griesbach.de\/wp-content\/uploads\/2018\/Fotos_Start\/Kinderhaus-10-200x133.jpg 200w, https:\/\/gms-griesbach.de\/wp-content\/uploads\/2018\/Fotos_Start\/Kinderhaus-10-300x199.jpg 300w, https:\/\/gms-griesbach.de\/wp-content\/uploads\/2018\/Fotos_Start\/Kinderhaus-10-400x266.jpg 400w, https:\/\/gms-griesbach.de\/wp-content\/uploads\/2018\/Fotos_Start\/Kinderhaus-10-600x398.jpg 600w, https:\/\/gms-griesbach.de\/wp-content\/uploads\/2018\/Fotos_Start\/Kinderhaus-10-768x510.jpg 768w, https:\/\/gms-griesbach.de\/wp-content\/uploads\/2018\/Fotos_Start\/Kinderhaus-10-800x531.jpg 800w, https:\/\/gms-griesbach.de\/wp-content\/uploads\/2018\/Fotos_Start\/Kinderhaus-10.jpg 1024w\" sizes=\"(max-width: 1024px) 100vw, 1024px\" \/><\/div><\/div><\/div><div class=\"swiper-slide\"><div class=\"fusion-carousel-item-wrapper\"><div class=\"fusion-image-wrapper hover-type-none\"><img decoding=\"async\" width=\"1024\" height=\"680\" src=\"https:\/\/gms-griesbach.de\/wp-content\/uploads\/2018\/Fotos_Start\/Kinderhaus-11.jpg\" class=\"attachment-full size-full\" alt=\"\" srcset=\"https:\/\/gms-griesbach.de\/wp-content\/uploads\/2018\/Fotos_Start\/Kinderhaus-11-200x133.jpg 200w, https:\/\/gms-griesbach.de\/wp-content\/uploads\/2018\/Fotos_Start\/Kinderhaus-11-300x199.jpg 300w, https:\/\/gms-griesbach.de\/wp-content\/uploads\/2018\/Fotos_Start\/Kinderhaus-11-400x266.jpg 400w, https:\/\/gms-griesbach.de\/wp-content\/uploads\/2018\/Fotos_Start\/Kinderhaus-11-600x398.jpg 600w, https:\/\/gms-griesbach.de\/wp-content\/uploads\/2018\/Fotos_Start\/Kinderhaus-11-768x510.jpg 768w, https:\/\/gms-griesbach.de\/wp-content\/uploads\/2018\/Fotos_Start\/Kinderhaus-11-800x531.jpg 800w, https:\/\/gms-griesbach.de\/wp-content\/uploads\/2018\/Fotos_Start\/Kinderhaus-11.jpg 1024w\" sizes=\"(max-width: 1024px) 100vw, 1024px\" \/><\/div><\/div><\/div><div class=\"swiper-slide\"><div class=\"fusion-carousel-item-wrapper\"><div class=\"fusion-image-wrapper hover-type-none\"><img decoding=\"async\" width=\"1024\" height=\"680\" src=\"https:\/\/gms-griesbach.de\/wp-content\/uploads\/2018\/Fotos_Start\/Kinderhaus-12.jpg\" class=\"attachment-full size-full\" alt=\"\" srcset=\"https:\/\/gms-griesbach.de\/wp-content\/uploads\/2018\/Fotos_Start\/Kinderhaus-12-200x133.jpg 200w, https:\/\/gms-griesbach.de\/wp-content\/uploads\/2018\/Fotos_Start\/Kinderhaus-12-300x199.jpg 300w, https:\/\/gms-griesbach.de\/wp-content\/uploads\/2018\/Fotos_Start\/Kinderhaus-12-400x266.jpg 400w, https:\/\/gms-griesbach.de\/wp-content\/uploads\/2018\/Fotos_Start\/Kinderhaus-12-600x398.jpg 600w, https:\/\/gms-griesbach.de\/wp-content\/uploads\/2018\/Fotos_Start\/Kinderhaus-12-768x510.jpg 768w, https:\/\/gms-griesbach.de\/wp-content\/uploads\/2018\/Fotos_Start\/Kinderhaus-12-800x531.jpg 800w, https:\/\/gms-griesbach.de\/wp-content\/uploads\/2018\/Fotos_Start\/Kinderhaus-12.jpg 1024w\" sizes=\"(max-width: 1024px) 100vw, 1024px\" \/><\/div><\/div><\/div><div class=\"swiper-slide\"><div class=\"fusion-carousel-item-wrapper\"><div class=\"fusion-image-wrapper hover-type-none\"><img decoding=\"async\" width=\"1024\" height=\"680\" src=\"https:\/\/gms-griesbach.de\/wp-content\/uploads\/2018\/Fotos_Start\/Kinderhaus-13.jpg\" class=\"attachment-full size-full\" alt=\"\" srcset=\"https:\/\/gms-griesbach.de\/wp-content\/uploads\/2018\/Fotos_Start\/Kinderhaus-13-200x133.jpg 200w, https:\/\/gms-griesbach.de\/wp-content\/uploads\/2018\/Fotos_Start\/Kinderhaus-13-300x199.jpg 300w, https:\/\/gms-griesbach.de\/wp-content\/uploads\/2018\/Fotos_Start\/Kinderhaus-13-400x266.jpg 400w, https:\/\/gms-griesbach.de\/wp-content\/uploads\/2018\/Fotos_Start\/Kinderhaus-13-600x398.jpg 600w, https:\/\/gms-griesbach.de\/wp-content\/uploads\/2018\/Fotos_Start\/Kinderhaus-13-768x510.jpg 768w, https:\/\/gms-griesbach.de\/wp-content\/uploads\/2018\/Fotos_Start\/Kinderhaus-13-800x531.jpg 800w, https:\/\/gms-griesbach.de\/wp-content\/uploads\/2018\/Fotos_Start\/Kinderhaus-13.jpg 1024w\" sizes=\"(max-width: 1024px) 100vw, 1024px\" \/><\/div><\/div><\/div><\/div><div class=\"awb-swiper-button awb-swiper-button-prev\"><i class=\"awb-icon-angle-left\" aria-hidden=\"true\"><\/i><\/div><div class=\"awb-swiper-button awb-swiper-button-next\"><i class=\"awb-icon-angle-right\" aria-hidden=\"true\"><\/i><\/div><\/div><\/div><div class=\"fusion-clearfix\"><\/div><\/div><\/div><div class=\"fusion-layout-column fusion_builder_column fusion-builder-column-5 fusion_builder_column_1_2 1_2 fusion-one-half fusion-column-last\" style=\"--awb-bg-size:cover;width:50%;width:calc(50% - ( ( 4% ) * 0.5 ) );\"><div class=\"fusion-column-wrapper fusion-flex-column-wrapper-legacy\"><div class=\"fusion-image-element in-legacy-container\"><span class=\" fusion-imageframe imageframe-none imageframe-2 hover-type-none\"><img decoding=\"async\" width=\"749\" height=\"1024\" title=\"Patenschaft Urkunde\" src=\"https:\/\/gms-griesbach.de\/wp-content\/uploads\/2018\/Fotos_Start\/Patenschaft-Urkunde-749x1024.jpg\" alt class=\"img-responsive wp-image-1929\" srcset=\"https:\/\/gms-griesbach.de\/wp-content\/uploads\/2018\/Fotos_Start\/Patenschaft-Urkunde-200x274.jpg 200w, https:\/\/gms-griesbach.de\/wp-content\/uploads\/2018\/Fotos_Start\/Patenschaft-Urkunde-400x547.jpg 400w, https:\/\/gms-griesbach.de\/wp-content\/uploads\/2018\/Fotos_Start\/Patenschaft-Urkunde-600x821.jpg 600w, https:\/\/gms-griesbach.de\/wp-content\/uploads\/2018\/Fotos_Start\/Patenschaft-Urkunde-800x1094.jpg 800w, https:\/\/gms-griesbach.de\/wp-content\/uploads\/2018\/Fotos_Start\/Patenschaft-Urkunde.jpg 1080w\" sizes=\"(max-width: 800px) 100vw, 600px\" \/><\/span><\/div><div class=\"fusion-clearfix\"><\/div><\/div><\/div><\/div><\/div><\/p>\n","protected":false},"excerpt":{"rendered":"","protected":false},"author":1,"featured_media":0,"parent":0,"menu_order":0,"comment_status":"closed","ping_status":"closed","template":"","meta":{"footnotes":""},"class_list":["post-1917","page","type-page","status-publish","hentry"],"_links":{"self":[{"href":"https:\/\/gms-griesbach.de\/index.php?rest_route=\/wp\/v2\/pages\/1917","targetHints":{"allow":["GET"]}}],"collection":[{"href":"https:\/\/gms-griesbach.de\/index.php?rest_route=\/wp\/v2\/pages"}],"about":[{"href":"https:\/\/gms-griesbach.de\/index.php?rest_route=\/wp\/v2\/types\/page"}],"author":[{"embeddable":true,"href":"https:\/\/gms-griesbach.de\/index.php?rest_route=\/wp\/v2\/users\/1"}],"replies":[{"embeddable":true,"href":"https:\/\/gms-griesbach.de\/index.php?rest_route=%2Fwp%2Fv2%2Fcomments&post=1917"}],"version-history":[{"count":38,"href":"https:\/\/gms-griesbach.de\/index.php?rest_route=\/wp\/v2\/pages\/1917\/revisions"}],"predecessor-version":[{"id":2256,"href":"https:\/\/gms-griesbach.de\/index.php?rest_route=\/wp\/v2\/pages\/1917\/revisions\/2256"}],"wp:attachment":[{"href":"https:\/\/gms-griesbach.de\/index.php?rest_route=%2Fwp%2Fv2%2Fmedia&parent=1917"}],"curies":[{"name":"wp","href":"https:\/\/api.w.org\/{rel}","templated":true}]}}