{"id":1992,"date":"2018-08-23T08:34:11","date_gmt":"2018-08-23T08:34:11","guid":{"rendered":"http:\/\/gms-griesbach.de\/?page_id=1992"},"modified":"2018-09-01T05:11:07","modified_gmt":"2018-09-01T05:11:07","slug":"sprachpaten","status":"publish","type":"page","link":"https:\/\/gms-griesbach.de\/?page_id=1992","title":{"rendered":"Sprachpaten"},"content":{"rendered":"<p><div class=\"fusion-fullwidth fullwidth-box fusion-builder-row-1 nonhundred-percent-fullwidth non-hundred-percent-height-scrolling\" style=\"--awb-border-radius-top-left:0px;--awb-border-radius-top-right:0px;--awb-border-radius-bottom-right:0px;--awb-border-radius-bottom-left:0px;\" ><div class=\"fusion-builder-row fusion-row\"><div class=\"fusion-layout-column fusion_builder_column fusion-builder-column-0 fusion_builder_column_1_1 1_1 fusion-one-full fusion-column-first fusion-column-last\" style=\"--awb-padding-top:50px;--awb-bg-size:cover;--awb-margin-bottom:40px;\"><div class=\"fusion-column-wrapper fusion-flex-column-wrapper-legacy\"><div class=\"fusion-text fusion-text-1\"><h1>Sprachpaten an unserer Schule<\/h1>\n<\/div><div class=\"fusion-sep-clear\"><\/div><div class=\"fusion-separator fusion-clearfix\" style=\"float:left;margin-top:0px;margin-bottom:35px;width:100%;max-width:170px;\"><div class=\"fusion-separator-border sep-single sep-solid\" style=\"border-color:#6abf16;border-top-width:3px;\"><\/div><\/div><div class=\"fusion-sep-clear\"><\/div><div class=\"fusion-clearfix\"><\/div><\/div><\/div><\/div><\/div><div class=\"fusion-fullwidth fullwidth-box fusion-builder-row-2 nonhundred-percent-fullwidth non-hundred-percent-height-scrolling\" style=\"--awb-border-radius-top-left:0px;--awb-border-radius-top-right:0px;--awb-border-radius-bottom-right:0px;--awb-border-radius-bottom-left:0px;\" ><div class=\"fusion-builder-row fusion-row\"><div class=\"fusion-layout-column fusion_builder_column fusion-builder-column-1 fusion_builder_column_1_3 1_3 fusion-one-third fusion-column-first\" style=\"--awb-bg-size:cover;width:33.333333333333%;width:calc(33.333333333333% - ( ( 4% + 4% ) * 0.33333333333333 ) );margin-right: 4%;\"><div class=\"fusion-column-wrapper fusion-flex-column-wrapper-legacy\"><div class=\"fusion-image-element in-legacy-container\"><span class=\" fusion-imageframe imageframe-none imageframe-1 hover-type-none\"><img decoding=\"async\" width=\"300\" height=\"200\" src=\"https:\/\/gms-griesbach.de\/wp-content\/uploads\/2018\/Logos\/Sprachpaten-1-300x200.jpg\" alt class=\"img-responsive wp-image-1994\" srcset=\"https:\/\/gms-griesbach.de\/wp-content\/uploads\/2018\/Logos\/Sprachpaten-1-200x134.jpg 200w, https:\/\/gms-griesbach.de\/wp-content\/uploads\/2018\/Logos\/Sprachpaten-1-400x267.jpg 400w, https:\/\/gms-griesbach.de\/wp-content\/uploads\/2018\/Logos\/Sprachpaten-1-600x401.jpg 600w, https:\/\/gms-griesbach.de\/wp-content\/uploads\/2018\/Logos\/Sprachpaten-1-800x534.jpg 800w, https:\/\/gms-griesbach.de\/wp-content\/uploads\/2018\/Logos\/Sprachpaten-1-1200x802.jpg 1200w, https:\/\/gms-griesbach.de\/wp-content\/uploads\/2018\/Logos\/Sprachpaten-1.jpg 1280w\" sizes=\"(max-width: 800px) 100vw, 400px\" \/><\/span><\/div><div class=\"fusion-clearfix\"><\/div><\/div><\/div><div class=\"fusion-layout-column fusion_builder_column fusion-builder-column-2 fusion_builder_column_1_3 1_3 fusion-one-third\" style=\"--awb-bg-size:cover;width:33.333333333333%;width:calc(33.333333333333% - ( ( 4% + 4% ) * 0.33333333333333 ) );margin-right: 4%;\"><div class=\"fusion-column-wrapper fusion-flex-column-wrapper-legacy\"><div class=\"fusion-image-element in-legacy-container\"><span class=\" fusion-imageframe imageframe-none imageframe-2 hover-type-none\"><img decoding=\"async\" src=\"https:\/\/gms-griesbach.de\/wp-content\/uploads\/2018\/Logos\/Sprachpaten-3-300x96.png\" alt class=\"img-responsive\"\/><\/span><\/div><div class=\"fusion-clearfix\"><\/div><\/div><\/div><div class=\"fusion-layout-column fusion_builder_column fusion-builder-column-3 fusion_builder_column_1_3 1_3 fusion-one-third fusion-column-last\" style=\"--awb-bg-size:cover;width:33.333333333333%;width:calc(33.333333333333% - ( ( 4% + 4% ) * 0.33333333333333 ) );\"><div class=\"fusion-column-wrapper fusion-flex-column-wrapper-legacy\"><div class=\"fusion-image-element in-legacy-container\"><span class=\" fusion-imageframe imageframe-none imageframe-3 hover-type-none\"><img decoding=\"async\" width=\"300\" height=\"131\" src=\"https:\/\/gms-griesbach.de\/wp-content\/uploads\/2018\/Logos\/Sprachpaten-2-300x131.jpg\" alt class=\"img-responsive wp-image-1997\" srcset=\"https:\/\/gms-griesbach.de\/wp-content\/uploads\/2018\/Logos\/Sprachpaten-2-200x87.jpg 200w, https:\/\/gms-griesbach.de\/wp-content\/uploads\/2018\/Logos\/Sprachpaten-2-400x174.jpg 400w, https:\/\/gms-griesbach.de\/wp-content\/uploads\/2018\/Logos\/Sprachpaten-2-600x261.jpg 600w, https:\/\/gms-griesbach.de\/wp-content\/uploads\/2018\/Logos\/Sprachpaten-2-800x348.jpg 800w, https:\/\/gms-griesbach.de\/wp-content\/uploads\/2018\/Logos\/Sprachpaten-2.jpg 900w\" sizes=\"(max-width: 800px) 100vw, 400px\" \/><\/span><\/div><div class=\"fusion-clearfix\"><\/div><\/div><\/div><\/div><\/div><div class=\"fusion-fullwidth fullwidth-box fusion-builder-row-3 nonhundred-percent-fullwidth non-hundred-percent-height-scrolling fusion-equal-height-columns\" style=\"--awb-background-position:left top;--awb-border-radius-top-left:0px;--awb-border-radius-top-right:0px;--awb-border-radius-bottom-right:0px;--awb-border-radius-bottom-left:0px;--awb-background-color:rgba(255,255,255,0.5);--awb-border-sizes-top:0px;--awb-border-sizes-bottom:0px;\" ><div class=\"fusion-builder-row fusion-row\"><div class=\"fusion-layout-column fusion_builder_column fusion-builder-column-4 fusion_builder_column_1_1 1_1 fusion-one-full fusion-column-first fusion-column-last fusion-column-no-min-height\" style=\"--awb-bg-size:cover;--awb-margin-top:0px;--awb-margin-bottom:0px;\"><div class=\"fusion-column-wrapper fusion-flex-column-wrapper-legacy\"><div class=\"fusion-sep-clear\"><\/div><div class=\"fusion-separator fusion-full-width-sep\" style=\"margin-left: auto;margin-right: auto;width:100%;\"><div class=\"fusion-separator-border sep-single sep-solid\" style=\"border-color:#6abf16;border-top-width:5px;\"><\/div><\/div><div class=\"fusion-sep-clear\"><\/div><div class=\"fusion-clearfix\"><\/div><\/div><\/div><div class=\"fusion-layout-column fusion_builder_column fusion-builder-column-5 fusion_builder_column_1_1 1_1 fusion-one-full fusion-column-first fusion-column-last\" style=\"--awb-padding-top:45px;--awb-padding-right:45px;--awb-padding-bottom:45px;--awb-padding-left:45px;--awb-bg-color:#ffffff;--awb-bg-size:cover;--awb-border-color:#e2e2e2;--awb-border-top:1px;--awb-border-right:1px;--awb-border-bottom:1px;--awb-border-left:1px;--awb-border-style:solid;--awb-margin-bottom:40px;\"><div class=\"fusion-column-wrapper fusion-flex-column-wrapper-legacy\"><div class=\"fusion-sep-clear\"><\/div><div class=\"fusion-separator fusion-full-width-sep\" style=\"margin-left: auto;margin-right: auto;margin-top:10px;width:100%;\"><\/div><div class=\"fusion-sep-clear\"><\/div><div class=\"fusion-text fusion-text-2\"><h3>Unterst\u00fctzt werden Kinder und Jugendliche, die kein oder kaum Deutsch sprechen, damit diese so schnell wie m\u00f6glich Deutsch lernen.<\/h3>\n<h3>Dabei soll jedem Kind ein ehrenamtlicher Sprachpate bzw. Sprachpatin an die Seite gestellt werden, der individuell mit ihrem &#8218;Patenkind&#8216; mindestens einmal die Woche Deutsch lernt.<\/h3>\n<h3>Organisiert wird das Ehrenamtsprojekt vom Verein &#8222;Gemeinsam leben &amp; lernen in Europa&#8220; in Kooperation mit der vhs Passau und dem Staatlichen Schulamt Passau. Der Verein ist f\u00fcr die Akquise, Schulung und Betreuung der Ehrenamtlichen sowie der Organisation des Projektes zust\u00e4ndig, w\u00e4hrend die vhs die Sprachpaten ausbildet und ber\u00e4t, wie man Kindern Deutsch als Fremdsprache spielerisch und mit allen Sinnen vermitteln kann. Das Staatliche Schulamt wiederum koordiniert die Zusammenarbeit mit den Schulen. Zudem unterst\u00fctzt die vhs Passau im Rahmen ihres EU-Programms XENOS die Pilotphase finanziell.<\/h3>\n<h3>Um einen gewissen Grad an Qualit\u00e4t zu gew\u00e4hrleisten, erhalten die ehrenamtlichen Sprachpaten nach einem ausf\u00fchrlichen Einzelgespr\u00e4ch vor Beginn der Sprachpatenschaft eine Schulung von Fachkr\u00e4ften der vhs Passau und dem Verein. Dabei werden didaktische, p\u00e4dagogische und interkulturelle Inhalte vermittelt. Zudem erhalten die Sprachpaten Lernmaterial zur kindgerechten Sprachvermittlung.<\/h3>\n<h3>Durch diese sehr pers\u00f6nliche Begleitung und Sprachf\u00f6rderung leistet das ehrenamtliche Sprachpaten-Projekt einen wichtigen Beitrag, die Bildungs- und Integrationschancen junger Menschen mit Migrationshintergrund zu erh\u00f6hen.<\/h3>\n<\/div><div class=\"fusion-clearfix\"><\/div><\/div><\/div><\/div><\/div><\/p>\n","protected":false},"excerpt":{"rendered":"","protected":false},"author":1,"featured_media":0,"parent":0,"menu_order":0,"comment_status":"closed","ping_status":"closed","template":"","meta":{"footnotes":""},"class_list":["post-1992","page","type-page","status-publish","hentry"],"_links":{"self":[{"href":"https:\/\/gms-griesbach.de\/index.php?rest_route=\/wp\/v2\/pages\/1992","targetHints":{"allow":["GET"]}}],"collection":[{"href":"https:\/\/gms-griesbach.de\/index.php?rest_route=\/wp\/v2\/pages"}],"about":[{"href":"https:\/\/gms-griesbach.de\/index.php?rest_route=\/wp\/v2\/types\/page"}],"author":[{"embeddable":true,"href":"https:\/\/gms-griesbach.de\/index.php?rest_route=\/wp\/v2\/users\/1"}],"replies":[{"embeddable":true,"href":"https:\/\/gms-griesbach.de\/index.php?rest_route=%2Fwp%2Fv2%2Fcomments&post=1992"}],"version-history":[{"count":11,"href":"https:\/\/gms-griesbach.de\/index.php?rest_route=\/wp\/v2\/pages\/1992\/revisions"}],"predecessor-version":[{"id":2260,"href":"https:\/\/gms-griesbach.de\/index.php?rest_route=\/wp\/v2\/pages\/1992\/revisions\/2260"}],"wp:attachment":[{"href":"https:\/\/gms-griesbach.de\/index.php?rest_route=%2Fwp%2Fv2%2Fmedia&parent=1992"}],"curies":[{"name":"wp","href":"https:\/\/api.w.org\/{rel}","templated":true}]}}