{"id":2048,"date":"2018-08-23T10:49:52","date_gmt":"2018-08-23T10:49:52","guid":{"rendered":"http:\/\/gms-griesbach.de\/?page_id=2048"},"modified":"2019-02-19T11:13:33","modified_gmt":"2019-02-19T11:13:33","slug":"schulpsychologin","status":"publish","type":"page","link":"https:\/\/gms-griesbach.de\/?page_id=2048","title":{"rendered":"Schulpsychologin"},"content":{"rendered":"<p><div class=\"fusion-fullwidth fullwidth-box fusion-builder-row-1 nonhundred-percent-fullwidth non-hundred-percent-height-scrolling\" style=\"--awb-border-radius-top-left:0px;--awb-border-radius-top-right:0px;--awb-border-radius-bottom-right:0px;--awb-border-radius-bottom-left:0px;\" ><div class=\"fusion-builder-row fusion-row\"><div class=\"fusion-layout-column fusion_builder_column fusion-builder-column-0 fusion_builder_column_1_1 1_1 fusion-one-full fusion-column-first fusion-column-last\" style=\"--awb-bg-size:cover;--awb-margin-bottom:40px;\"><div class=\"fusion-column-wrapper fusion-flex-column-wrapper-legacy\"><div class=\"fusion-text fusion-text-1\"><h1>Staatl. Schulpsychologin Heidrun Schreiter, BRin<\/h1>\n<\/div><div class=\"fusion-sep-clear\"><\/div><div class=\"fusion-separator fusion-clearfix\" style=\"float:left;margin-top:0px;margin-bottom:35px;width:100%;max-width:170px;\"><div class=\"fusion-separator-border sep-single sep-solid\" style=\"border-color:#6abf16;border-top-width:3px;\"><\/div><\/div><div class=\"fusion-sep-clear\"><\/div><div class=\"fusion-clearfix\"><\/div><\/div><\/div><\/div><\/div><div class=\"fusion-fullwidth fullwidth-box fusion-builder-row-2 nonhundred-percent-fullwidth non-hundred-percent-height-scrolling\" style=\"--awb-background-position:left top;--awb-border-radius-top-left:0px;--awb-border-radius-top-right:0px;--awb-border-radius-bottom-right:0px;--awb-border-radius-bottom-left:0px;--awb-border-sizes-top:0px;--awb-border-sizes-bottom:0px;\" ><div class=\"fusion-builder-row fusion-row\"><div class=\"fusion-layout-column fusion_builder_column fusion-builder-column-1 fusion_builder_column_1_1 1_1 fusion-one-full fusion-column-first fusion-column-last\" style=\"--awb-bg-size:cover;--awb-margin-bottom:40px;\"><div class=\"fusion-column-wrapper fusion-flex-column-wrapper-legacy\"><div class=\"fusion-text fusion-text-2\"><h1>Als Schulpsychologin arbeite ich<\/h1>\n<\/div><div class=\"fusion-sep-clear\"><\/div><div class=\"fusion-separator fusion-clearfix\" style=\"float:left;margin-top:0px;margin-bottom:35px;width:100%;max-width:170px;\"><div class=\"fusion-separator-border sep-single sep-solid\" style=\"border-color:#6abf16;border-top-width:3px;\"><\/div><\/div><div class=\"fusion-sep-clear\"><\/div><ul style=\"--awb-size:25px;--awb-line-height:42.5px;--awb-icon-width:42.5px;--awb-icon-height:42.5px;--awb-icon-margin:17.5px;--awb-content-margin:60px;--awb-circlecolor:#6abf16;--awb-circle-yes-font-size:22px;\" class=\"fusion-checklist fusion-checklist-1 fusion-checklist-default type-icons\"><li class=\"fusion-li-item\" style=\"\"><span class=\"icon-wrapper circle-yes\"><i class=\"fusion-li-icon fa-user-alt fas\" aria-hidden=\"true\"><\/i><\/span><div class=\"fusion-li-item-content\">\n<h2>mit einzelnen Klienten:<\/h2>\n<h2>Beratung bei Lern- und Leistungsst\u00f6rungen (z. B. Teilleistungsst\u00f6rungen, Motivationsprobleme, Arbeitsverhalten)<\/h2>\n<h2>spezielle Schullaufbahnentscheidungen (z. B. besondere F\u00f6rderbed\u00fcrfnisse oder Begabungen)<\/h2>\n<h2>bei akuten Krisen (z. B. pl\u00f6tzlicher Leistungsabfall oder Schulverweigerung, Selbstaggression)<\/h2>\n<h2>Unterst\u00fctzung des Lehrers (z. B. bei Disziplinproblemen, Konflikten mit Eltern).<\/h2>\n<\/div><\/li><li class=\"fusion-li-item\" style=\"\"><span class=\"icon-wrapper circle-yes\"><i class=\"fusion-li-icon fa-users fas\" aria-hidden=\"true\"><\/i><\/span><div class=\"fusion-li-item-content\">\n<h2>mit Gruppen:<\/h2>\n<h2>Gespr\u00e4chskreise und Arbeitsgruppen mit Sch\u00fclern, Klassen und\/oder Eltern (z. B. Lernen lernen, Entwicklungskonflikte, soziale Spannungen in der Klasse)<\/h2>\n<h2>Fortbildung und Supervision f\u00fcr Lehrerinnen und Lehrer (z. B. zur Zusammenarbeit im Kollegium, zur Unterst\u00fctzung der Professionalit\u00e4t)<\/h2>\n<\/div><\/li><li class=\"fusion-li-item\" style=\"\"><span class=\"icon-wrapper circle-yes\"><i class=\"fusion-li-icon fa-school fas\" aria-hidden=\"true\"><\/i><\/span><div class=\"fusion-li-item-content\">\n<h2>im System Schule:<\/h2>\n<h2>Mitwirkung bei p\u00e4dagogischen Konferenzen (z. B. zu den Themen Schulklima, Gewalt an Schulen, Leistungsbewertung)<\/h2>\n<h2>\u00a0Beratung von Schulleitung und Schulverwaltung (z. B. Personalf\u00fchrung, Konferenzgestaltung)<\/h2>\n<h2>\u00a0Mitwirkung bei Schulversuchen, Koordinationsaufgaben und Schulentwicklung.<\/h2>\n<\/div><\/li><\/ul><div class=\"fusion-clearfix\"><\/div><\/div><\/div><\/div><\/div><div class=\"fusion-fullwidth fullwidth-box fusion-builder-row-3 nonhundred-percent-fullwidth non-hundred-percent-height-scrolling\" style=\"--awb-border-radius-top-left:0px;--awb-border-radius-top-right:0px;--awb-border-radius-bottom-right:0px;--awb-border-radius-bottom-left:0px;\" ><div class=\"fusion-builder-row fusion-row\"><div class=\"fusion-layout-column fusion_builder_column fusion-builder-column-2 fusion_builder_column_1_1 1_1 fusion-one-full fusion-column-first fusion-column-last\" style=\"--awb-bg-size:cover;--awb-margin-bottom:0px;\"><div class=\"fusion-column-wrapper fusion-flex-column-wrapper-legacy\"><div class=\"fusion-text fusion-text-3\"><h1>Schulpsychologische Ma\u00dfnahmen<\/h1>\n<\/div><div class=\"fusion-sep-clear\"><\/div><div class=\"fusion-separator fusion-clearfix\" style=\"float:left;margin-top:0px;margin-bottom:35px;width:100%;max-width:170px;\"><div class=\"fusion-separator-border sep-single sep-solid\" style=\"border-color:#6abf16;border-top-width:3px;\"><\/div><\/div><div class=\"fusion-sep-clear\"><\/div><ul style=\"--awb-size:25px;--awb-line-height:42.5px;--awb-icon-width:42.5px;--awb-icon-height:42.5px;--awb-icon-margin:17.5px;--awb-content-margin:60px;--awb-circlecolor:#6abf16;--awb-circle-yes-font-size:22px;\" class=\"fusion-checklist fusion-checklist-2 fusion-checklist-default type-icons\"><li class=\"fusion-li-item\" style=\"\"><span class=\"icon-wrapper circle-yes\"><i class=\"fusion-li-icon fa-user-check fas\" aria-hidden=\"true\"><\/i><\/span><div class=\"fusion-li-item-content\">\n<h2><span class=\"fs14\"><span class=\"cf1 ff2\">dienen in erster Linie der Problemkl\u00e4rung (Diagnose), Beratung und Betreuung<\/span><\/span><\/h2>\n<\/div><\/li><li class=\"fusion-li-item\" style=\"\"><span class=\"icon-wrapper circle-yes\"><i class=\"fusion-li-icon fa-user-check fas\" aria-hidden=\"true\"><\/i><\/span><div class=\"fusion-li-item-content\">\n<h2><span class=\"fs14\"><span class=\"cf1 ff2\">vermitteln, informieren, st\u00fctzen, f\u00f6rdern und helfen<\/span><\/span><\/h2>\n<\/div><\/li><li class=\"fusion-li-item\" style=\"\"><span class=\"icon-wrapper circle-yes\"><i class=\"fusion-li-icon fa-coins fas\" aria-hidden=\"true\"><\/i><\/span><div class=\"fusion-li-item-content\">\n<h2><span class=\"fs14\"><span class=\"cf1 ff2\">Schulpsychologische Beratung ist kostenlos!<br \/>\n<\/span><\/span><\/h2>\n<\/div><\/li><\/ul><div class=\"fusion-clearfix\"><\/div><\/div><\/div><\/div><\/div><div class=\"fusion-fullwidth fullwidth-box fusion-builder-row-4 nonhundred-percent-fullwidth non-hundred-percent-height-scrolling\" style=\"--awb-border-radius-top-left:0px;--awb-border-radius-top-right:0px;--awb-border-radius-bottom-right:0px;--awb-border-radius-bottom-left:0px;\" ><div class=\"fusion-builder-row fusion-row\"><div class=\"fusion-layout-column fusion_builder_column fusion-builder-column-3 fusion_builder_column_1_1 1_1 fusion-one-full fusion-column-first fusion-column-last\" style=\"--awb-bg-size:cover;--awb-margin-bottom:40px;\"><div class=\"fusion-column-wrapper fusion-flex-column-wrapper-legacy\"><div class=\"fusion-text fusion-text-4\"><h1>Erreichbarkeit<\/h1>\n<\/div><div class=\"fusion-sep-clear\"><\/div><div class=\"fusion-separator fusion-clearfix\" style=\"float:left;margin-top:0px;margin-bottom:35px;width:100%;max-width:170px;\"><div class=\"fusion-separator-border sep-single sep-solid\" style=\"border-color:#6abf16;border-top-width:3px;\"><\/div><\/div><div class=\"fusion-sep-clear\"><\/div><ul style=\"--awb-size:25px;--awb-line-height:42.5px;--awb-icon-width:42.5px;--awb-icon-height:42.5px;--awb-icon-margin:17.5px;--awb-content-margin:60px;--awb-circlecolor:#6abf16;--awb-circle-yes-font-size:22px;\" class=\"fusion-checklist fusion-checklist-3 fusion-checklist-default type-icons\"><li class=\"fusion-li-item\" style=\"\"><span class=\"icon-wrapper circle-yes\"><i class=\"fusion-li-icon fa-home fas\" aria-hidden=\"true\"><\/i><\/span><div class=\"fusion-li-item-content\">\n<h2><span class=\"fs19\">Grundschule St. Anton<\/span><br \/>\nDr. Eggersdorfer Str. 10<br \/>\n94032 Passau<\/h2>\n<\/div><\/li><li class=\"fusion-li-item\" style=\"\"><span class=\"icon-wrapper circle-yes\"><i class=\"fusion-li-icon fa-phone fas\" aria-hidden=\"true\"><\/i><\/span><div class=\"fusion-li-item-content\">\n<h2>Tel.: 0851 \/ 75 62 640<br \/>\nFax: 0851 \/ 37 93 06 14<\/h2>\n<\/div><\/li><li class=\"fusion-li-item\" style=\"\"><span class=\"icon-wrapper circle-yes\"><i class=\"fusion-li-icon fa-at fas\" aria-hidden=\"true\"><\/i><\/span><div class=\"fusion-li-item-content\">\n<h2>E-Mail: <a href=\"mailto:schreiter.heidrun@gmail.com\">schreiter.heidrun@gmail.com<\/a><\/h2>\n<\/div><\/li><li class=\"fusion-li-item\" style=\"\"><span class=\"icon-wrapper circle-yes\"><i class=\"fusion-li-icon fa-clock far\" aria-hidden=\"true\"><\/i><\/span><div class=\"fusion-li-item-content\">\n<h2>Telefonische Sprechstunde:<br \/>\nMontag: 8.30 &#8211; 10.30 Uhr<\/h2>\n<\/div><\/li><\/ul><div class=\"fusion-clearfix\"><\/div><\/div><\/div><div class=\"fusion-layout-column fusion_builder_column fusion-builder-column-4 fusion_builder_column_1_1 1_1 fusion-one-full fusion-column-first fusion-column-last\" style=\"--awb-bg-size:cover;\"><div class=\"fusion-column-wrapper fusion-flex-column-wrapper-legacy\"><div class=\"fusion-clearfix\"><\/div><\/div><\/div><\/div><\/div><\/p>\n","protected":false},"excerpt":{"rendered":"","protected":false},"author":1,"featured_media":0,"parent":0,"menu_order":0,"comment_status":"closed","ping_status":"closed","template":"","meta":{"footnotes":""},"class_list":["post-2048","page","type-page","status-publish","hentry"],"_links":{"self":[{"href":"https:\/\/gms-griesbach.de\/index.php?rest_route=\/wp\/v2\/pages\/2048","targetHints":{"allow":["GET"]}}],"collection":[{"href":"https:\/\/gms-griesbach.de\/index.php?rest_route=\/wp\/v2\/pages"}],"about":[{"href":"https:\/\/gms-griesbach.de\/index.php?rest_route=\/wp\/v2\/types\/page"}],"author":[{"embeddable":true,"href":"https:\/\/gms-griesbach.de\/index.php?rest_route=\/wp\/v2\/users\/1"}],"replies":[{"embeddable":true,"href":"https:\/\/gms-griesbach.de\/index.php?rest_route=%2Fwp%2Fv2%2Fcomments&post=2048"}],"version-history":[{"count":27,"href":"https:\/\/gms-griesbach.de\/index.php?rest_route=\/wp\/v2\/pages\/2048\/revisions"}],"predecessor-version":[{"id":2958,"href":"https:\/\/gms-griesbach.de\/index.php?rest_route=\/wp\/v2\/pages\/2048\/revisions\/2958"}],"wp:attachment":[{"href":"https:\/\/gms-griesbach.de\/index.php?rest_route=%2Fwp%2Fv2%2Fmedia&parent=2048"}],"curies":[{"name":"wp","href":"https:\/\/api.w.org\/{rel}","templated":true}]}}