{"id":2125,"date":"2018-08-24T08:42:30","date_gmt":"2018-08-24T08:42:30","guid":{"rendered":"http:\/\/gms-griesbach.de\/?page_id=2125"},"modified":"2018-09-01T05:09:14","modified_gmt":"2018-09-01T05:09:14","slug":"schulfruehstueck","status":"publish","type":"page","link":"https:\/\/gms-griesbach.de\/?page_id=2125","title":{"rendered":"Schulfr\u00fchst\u00fcck"},"content":{"rendered":"<p><div class=\"fusion-fullwidth fullwidth-box fusion-builder-row-1 nonhundred-percent-fullwidth non-hundred-percent-height-scrolling\" style=\"--awb-border-radius-top-left:0px;--awb-border-radius-top-right:0px;--awb-border-radius-bottom-right:0px;--awb-border-radius-bottom-left:0px;--awb-padding-top:50px;\" ><div class=\"fusion-builder-row fusion-row\"><div class=\"fusion-layout-column fusion_builder_column fusion-builder-column-0 fusion_builder_column_1_1 1_1 fusion-one-full fusion-column-first fusion-column-last\" style=\"--awb-bg-size:cover;\"><div class=\"fusion-column-wrapper fusion-flex-column-wrapper-legacy\"><div class=\"fusion-text fusion-text-1\"><h1>Wir sind eine der ersten Schulen<\/h1>\n<\/div><div class=\"fusion-sep-clear\"><\/div><div class=\"fusion-separator fusion-clearfix\" style=\"float:left;margin-top:0px;margin-bottom:35px;width:100%;max-width:170px;\"><div class=\"fusion-separator-border sep-single sep-solid\" style=\"border-color:#6abf16;border-top-width:3px;\"><\/div><\/div><div class=\"fusion-sep-clear\"><\/div><div class=\"fusion-clearfix\"><\/div><\/div><\/div><\/div><\/div><div class=\"fusion-fullwidth fullwidth-box fusion-builder-row-2 nonhundred-percent-fullwidth non-hundred-percent-height-scrolling\" style=\"--awb-background-position:left top;--awb-border-radius-top-left:0px;--awb-border-radius-top-right:0px;--awb-border-radius-bottom-right:0px;--awb-border-radius-bottom-left:0px;--awb-padding-top:10px;--awb-padding-bottom:10px;--awb-border-sizes-top:0px;--awb-border-sizes-bottom:0px;\" ><div class=\"fusion-builder-row fusion-row\"><div class=\"fusion-layout-column fusion_builder_column fusion-builder-column-1 fusion_builder_column_1_3 1_3 fusion-one-third fusion-column-first\" style=\"--awb-bg-size:cover;--awb-margin-bottom:40px;width:30.6666%; margin-right: 4%;\"><div class=\"fusion-column-wrapper fusion-flex-column-wrapper-legacy\"><div class=\"fusion-text fusion-text-2\"><h1><em>Kinder, die Hunger haben, k\u00f6nnen nicht richtig denken<\/em><\/h1>\n<h1><em>\u00a0<\/em><\/h1>\n<\/div><div class=\"fusion-clearfix\"><\/div><\/div><\/div><div class=\"fusion-layout-column fusion_builder_column fusion-builder-column-2 fusion_builder_column_1_3 1_3 fusion-one-third\" style=\"--awb-bg-size:cover;--awb-margin-bottom:0px;width:30.6666%; margin-right: 4%;\"><div class=\"fusion-column-wrapper fusion-flex-column-wrapper-legacy\"><div class=\"fusion-image-element in-legacy-container\"><span class=\" fusion-imageframe imageframe-none imageframe-1 hover-type-none\"><a href=\"https:\/\/gms-griesbach.de\/wp-content\/uploads\/2018\/Logos\/denkbar-gro\u00df-300x156.jpg\" class=\"fusion-lightbox\" data-rel=\"iLightbox[300fd028eb115742a34]\" data-title=\"Druck\" title=\"Druck\"><img decoding=\"async\" width=\"300\" height=\"156\" src=\"https:\/\/gms-griesbach.de\/wp-content\/uploads\/2018\/Logos\/denkbar-gro\u00df-300x156.jpg\" alt class=\"img-responsive wp-image-1185\" srcset=\"https:\/\/gms-griesbach.de\/wp-content\/uploads\/2018\/Logos\/denkbar-gro\u00df-200x104.jpg 200w, https:\/\/gms-griesbach.de\/wp-content\/uploads\/2018\/Logos\/denkbar-gro\u00df-400x209.jpg 400w, https:\/\/gms-griesbach.de\/wp-content\/uploads\/2018\/Logos\/denkbar-gro\u00df.jpg 560w\" sizes=\"(max-width: 800px) 100vw, 400px\" \/><\/a><\/span><\/div><div class=\"fusion-sep-clear\"><\/div><div class=\"fusion-separator fusion-full-width-sep fusion-clearfix\" style=\"float:left;margin-top:10px;margin-bottom:10px;width:100%;\"><\/div><div class=\"fusion-sep-clear\"><\/div><div class=\"fusion-text fusion-text-3\"><h3>Sternstunden e. V., die Benefizaktion des Bayerischen Rundfunks, hatte die Fr\u00fchst\u00fccksinitiative 2009 ins Leben gerufen. Als das erfolgreiche Projekt ausgeweitet werden sollte und die Verwaltungs- und Betreuungskapazit\u00e4ten personell an Grenzen stie\u00dfen, fragte Sternstunden im Fr\u00fchjahr 2011 bei der BLLV-Kinderhilfe um Unterst\u00fctzung an. So begann das denkbar-Schulfr\u00fchst\u00fcck seine Arbeit im Juni 2011.<\/h3>\n<\/div><div class=\"fusion-clearfix\"><\/div><\/div><\/div><div class=\"fusion-layout-column fusion_builder_column fusion-builder-column-3 fusion_builder_column_1_3 1_3 fusion-one-third fusion-column-last\" style=\"--awb-bg-size:cover;width:30.6666%;\"><div class=\"fusion-column-wrapper fusion-flex-column-wrapper-legacy\"><div class=\"fusion-text fusion-text-4\"><div class=\"ce-bodytext\">\n<h3>Die zunehmende Armut und das Auseinanderdriften unserer Gesellschaft stellt die Schulen vor immer neue Herausforderungen. Eine Schule, die junge Leute dazu bef\u00e4higen soll eigenverantwortlich am gesellschaftlichen Leben teilzuhaben, wird jetzt und in Zukunft nach Wegen suchen m\u00fcssen alle Kinder so zu f\u00f6rdern, dass sie unabh\u00e4ngig vom Familieneinkommen mit Freude an der Schule lernen.<\/h3>\n<h3>Die denkbar Fr\u00fchst\u00fccksinitiativen denkbar und denkbarR bieten bed\u00fcrftigen Kindern jeden Morgen einen Start in den Schultag, der es ihnen ermm\u00f6glicht, mit Freude zu lernen und sich zu gesunden wissbegierigen Menschen zu entwickeln.<\/h3>\n<\/div>\n<\/div><div class=\"fusion-clearfix\"><\/div><\/div><\/div><\/div><\/div><\/p>\n","protected":false},"excerpt":{"rendered":"","protected":false},"author":1,"featured_media":0,"parent":0,"menu_order":0,"comment_status":"closed","ping_status":"closed","template":"","meta":{"footnotes":""},"class_list":["post-2125","page","type-page","status-publish","hentry"],"_links":{"self":[{"href":"https:\/\/gms-griesbach.de\/index.php?rest_route=\/wp\/v2\/pages\/2125","targetHints":{"allow":["GET"]}}],"collection":[{"href":"https:\/\/gms-griesbach.de\/index.php?rest_route=\/wp\/v2\/pages"}],"about":[{"href":"https:\/\/gms-griesbach.de\/index.php?rest_route=\/wp\/v2\/types\/page"}],"author":[{"embeddable":true,"href":"https:\/\/gms-griesbach.de\/index.php?rest_route=\/wp\/v2\/users\/1"}],"replies":[{"embeddable":true,"href":"https:\/\/gms-griesbach.de\/index.php?rest_route=%2Fwp%2Fv2%2Fcomments&post=2125"}],"version-history":[{"count":8,"href":"https:\/\/gms-griesbach.de\/index.php?rest_route=\/wp\/v2\/pages\/2125\/revisions"}],"predecessor-version":[{"id":2257,"href":"https:\/\/gms-griesbach.de\/index.php?rest_route=\/wp\/v2\/pages\/2125\/revisions\/2257"}],"wp:attachment":[{"href":"https:\/\/gms-griesbach.de\/index.php?rest_route=%2Fwp%2Fv2%2Fmedia&parent=2125"}],"curies":[{"name":"wp","href":"https:\/\/api.w.org\/{rel}","templated":true}]}}