{"id":3687,"date":"2019-10-14T11:12:30","date_gmt":"2019-10-14T11:12:30","guid":{"rendered":"http:\/\/gms-griesbach.de\/?page_id=3687"},"modified":"2023-10-04T17:30:18","modified_gmt":"2023-10-04T17:30:18","slug":"verbindungslehrer","status":"publish","type":"page","link":"https:\/\/gms-griesbach.de\/?page_id=3687","title":{"rendered":"Verbindungslehrer"},"content":{"rendered":"<p><div class=\"fusion-fullwidth fullwidth-box fusion-builder-row-1 nonhundred-percent-fullwidth non-hundred-percent-height-scrolling\" style=\"--awb-border-radius-top-left:0px;--awb-border-radius-top-right:0px;--awb-border-radius-bottom-right:0px;--awb-border-radius-bottom-left:0px;\" ><div class=\"fusion-builder-row fusion-row\"><div class=\"fusion-layout-column fusion_builder_column fusion-builder-column-0 fusion_builder_column_1_1 1_1 fusion-one-full fusion-column-first fusion-column-last\" style=\"--awb-padding-top:50px;--awb-bg-size:cover;--awb-margin-bottom:40px;\"><div class=\"fusion-column-wrapper fusion-flex-column-wrapper-legacy\"><div class=\"fusion-text fusion-text-1\"><h1>Verbindungslehrer Schuljahr 2023 \/ 2024<\/h1>\n<\/div><div class=\"fusion-sep-clear\"><\/div><div class=\"fusion-separator fusion-clearfix\" style=\"float:left;margin-top:0px;margin-bottom:35px;width:100%;max-width:170px;\"><div class=\"fusion-separator-border sep-single sep-solid\" style=\"border-color:#6abf16;border-top-width:3px;\"><\/div><\/div><div class=\"fusion-sep-clear\"><\/div><div class=\"fusion-clearfix\"><\/div><\/div><\/div><\/div><\/div><div class=\"fusion-fullwidth fullwidth-box fusion-builder-row-2 nonhundred-percent-fullwidth non-hundred-percent-height-scrolling\" style=\"--awb-border-radius-top-left:0px;--awb-border-radius-top-right:0px;--awb-border-radius-bottom-right:0px;--awb-border-radius-bottom-left:0px;\" ><div class=\"fusion-builder-row fusion-row\"><div class=\"fusion-layout-column fusion_builder_column fusion-builder-column-1 fusion_builder_column_1_1 1_1 fusion-one-full fusion-column-first fusion-column-last\" style=\"--awb-bg-size:cover;\"><div class=\"fusion-column-wrapper fusion-flex-column-wrapper-legacy\"><div class=\"fusion-image-element fusion-image-align-center in-legacy-container\" style=\"text-align:center;\"><div class=\"imageframe-align-center\"><span class=\" fusion-imageframe imageframe-none imageframe-1 hover-type-none\"><img decoding=\"async\" width=\"1024\" height=\"768\" title=\"IMG_7397\" src=\"https:\/\/gms-griesbach.de\/wp-content\/uploads\/2023\/10\/IMG_7397-1024x768.jpg\" alt class=\"img-responsive wp-image-11055\" srcset=\"https:\/\/gms-griesbach.de\/wp-content\/uploads\/2023\/10\/IMG_7397-200x150.jpg 200w, https:\/\/gms-griesbach.de\/wp-content\/uploads\/2023\/10\/IMG_7397-400x300.jpg 400w, https:\/\/gms-griesbach.de\/wp-content\/uploads\/2023\/10\/IMG_7397-600x450.jpg 600w, https:\/\/gms-griesbach.de\/wp-content\/uploads\/2023\/10\/IMG_7397-800x600.jpg 800w, https:\/\/gms-griesbach.de\/wp-content\/uploads\/2023\/10\/IMG_7397-1200x900.jpg 1200w\" sizes=\"(max-width: 800px) 100vw, 1200px\" \/><\/span><\/div><\/div><div class=\"fusion-text fusion-text-2\"><h1 style=\"text-align: center;\">Ramona Ziegler, Lin<\/h1>\n<\/div><div class=\"fusion-clearfix\"><\/div><\/div><\/div><\/div><\/div><div class=\"fusion-fullwidth fullwidth-box fusion-builder-row-3 nonhundred-percent-fullwidth non-hundred-percent-height-scrolling\" style=\"--awb-border-radius-top-left:0px;--awb-border-radius-top-right:0px;--awb-border-radius-bottom-right:0px;--awb-border-radius-bottom-left:0px;\" ><div class=\"fusion-builder-row fusion-row\"><div class=\"fusion-layout-column fusion_builder_column fusion-builder-column-2 fusion_builder_column_1_1 1_1 fusion-one-full fusion-column-first fusion-column-last\" style=\"--awb-padding-top:50px;--awb-bg-size:cover;--awb-margin-bottom:40px;\"><div class=\"fusion-column-wrapper fusion-flex-column-wrapper-legacy\"><div class=\"fusion-text fusion-text-3\"><h1>Aufgaben<\/h1>\n<\/div><div class=\"fusion-sep-clear\"><\/div><div class=\"fusion-separator fusion-clearfix\" style=\"float:left;margin-top:0px;margin-bottom:35px;width:100%;max-width:170px;\"><div class=\"fusion-separator-border sep-single sep-solid\" style=\"border-color:#6abf16;border-top-width:3px;\"><\/div><\/div><div class=\"fusion-sep-clear\"><\/div><div class=\"fusion-clearfix\"><\/div><\/div><\/div><\/div><\/div><div class=\"fusion-fullwidth fullwidth-box fusion-builder-row-4 nonhundred-percent-fullwidth non-hundred-percent-height-scrolling\" style=\"--awb-border-radius-top-left:0px;--awb-border-radius-top-right:0px;--awb-border-radius-bottom-right:0px;--awb-border-radius-bottom-left:0px;\" ><div class=\"fusion-builder-row fusion-row\"><div class=\"fusion-layout-column fusion_builder_column fusion-builder-column-3 fusion_builder_column_1_1 1_1 fusion-one-full fusion-column-first fusion-column-last\" style=\"--awb-bg-size:cover;\"><div class=\"fusion-column-wrapper fusion-column-has-shadow fusion-flex-column-wrapper-legacy\"><div class=\"fusion-text fusion-text-4\"><h2>Die Verbindungslehrkraft hat zwei gro\u00dfe Aufgabenfelder. Sie soll die Sch\u00fcler beraten und bei Konflikten im Schulleben zwischen den beteiligten Personen vermitteln.<\/h2>\n<h2>Ein gutes Verh\u00e4ltnis zu Sch\u00fclern bildet dabei die Grundlage der gemeinsamen Arbeit. Eine Verbindungslehrkraft kennt nicht nur die Meinung der Sch\u00fcler, sondern auch die des Lehrerkollegiums und der Schulleitung. Die Lehrkraft hilft den Sch\u00fclern und bringt Verst\u00e4ndnis f\u00fcr sie auf, sie muss aber auch deren Kompromissbereitschaft einfordern.<\/h2>\n<\/div><div class=\"fusion-clearfix\"><\/div><\/div><\/div><\/div><\/div><\/p>\n","protected":false},"excerpt":{"rendered":"","protected":false},"author":1,"featured_media":0,"parent":0,"menu_order":0,"comment_status":"closed","ping_status":"closed","template":"","meta":{"footnotes":""},"class_list":["post-3687","page","type-page","status-publish","hentry"],"_links":{"self":[{"href":"https:\/\/gms-griesbach.de\/index.php?rest_route=\/wp\/v2\/pages\/3687","targetHints":{"allow":["GET"]}}],"collection":[{"href":"https:\/\/gms-griesbach.de\/index.php?rest_route=\/wp\/v2\/pages"}],"about":[{"href":"https:\/\/gms-griesbach.de\/index.php?rest_route=\/wp\/v2\/types\/page"}],"author":[{"embeddable":true,"href":"https:\/\/gms-griesbach.de\/index.php?rest_route=\/wp\/v2\/users\/1"}],"replies":[{"embeddable":true,"href":"https:\/\/gms-griesbach.de\/index.php?rest_route=%2Fwp%2Fv2%2Fcomments&post=3687"}],"version-history":[{"count":12,"href":"https:\/\/gms-griesbach.de\/index.php?rest_route=\/wp\/v2\/pages\/3687\/revisions"}],"predecessor-version":[{"id":11056,"href":"https:\/\/gms-griesbach.de\/index.php?rest_route=\/wp\/v2\/pages\/3687\/revisions\/11056"}],"wp:attachment":[{"href":"https:\/\/gms-griesbach.de\/index.php?rest_route=%2Fwp%2Fv2%2Fmedia&parent=3687"}],"curies":[{"name":"wp","href":"https:\/\/api.w.org\/{rel}","templated":true}]}}